{"id":869,"date":"2017-03-09T19:17:11","date_gmt":"2017-03-09T17:17:11","guid":{"rendered":"http:\/\/www.bab-el-louk.org\/?page_id=869"},"modified":"2020-02-18T16:57:26","modified_gmt":"2020-02-18T14:57:26","slug":"dou-vient-la-gelatine-de-nos-bonbons","status":"publish","type":"page","link":"http:\/\/www.bab-el-louk.org\/?page_id=869","title":{"rendered":"D&rsquo;o\u00f9 vient la g\u00e9latine de nos bonbons ? Enqu\u00eate dans les tanneries du Caire"},"content":{"rendered":"<p>Lors de notre dernier terrain au Caire, B.F. et moi avons pass\u00e9 quelque temps dans les tanneries de cette ville dans lesquelles elle avait d\u00e9j\u00e0 fait des enqu\u00eates dans les ann\u00e9es 90.<\/p>\n<p>Ce fut l&rsquo;occasion d&rsquo;aller voir d&rsquo;un peu plus pr\u00e8s les fabriques de g\u00e9latine et de glue qui sont une activit\u00e9 annexe de celles des tanneurs. Ces fabriques se rep\u00e8rent facilement car elles sont toutes surmont\u00e9es de superstructures en bois qui peuvent faire plusieurs dizaines de m\u00e8tres de hauteur, superstructures qui servent \u00e0 faire s\u00e9cher les plaques de g\u00e9latine avant leur vente aux industries agro-alimentaires. Mais, de quoi et comment est faite cette g\u00e9latine ?<\/p>\n<div id=\"metaslider-id-5938\" style=\"width: 100%;\" class=\"ml-slider-3-104-0 metaslider metaslider-flex metaslider-5938 ml-slider has-dots-nav ms-theme-default\" role=\"region\" aria-label=\"G\u00e9latine\" data-height=\"900\" data-width=\"1200\">\n    <div id=\"metaslider_container_5938\">\n        <div id=\"metaslider_5938\">\n            <ul class='slides'>\n                <li style=\"display: block; width: 100%;\" class=\"slide-5957 ms-image \" aria-roledescription=\"slide\" data-date=\"2020-02-18 16:48:52\" data-filename=\"Glue-1-1200x900.jpg\" data-slide-type=\"image\"><img loading=\"lazy\" decoding=\"async\" src=\"http:\/\/www.bab-el-louk.org\/wp-content\/uploads\/2017\/03\/Glue-1-1200x900.jpg\" height=\"900\" width=\"1200\" alt=\"\" class=\"slider-5938 slide-5957 msDefaultImage\" title=\"Glue - 1\" \/><\/li>\n                <li style=\"display: none; width: 100%;\" class=\"slide-5956 ms-image \" aria-roledescription=\"slide\" data-date=\"2020-02-18 16:48:52\" data-filename=\"Glue-1-1-1200x900.jpg\" data-slide-type=\"image\"><img loading=\"lazy\" decoding=\"async\" src=\"http:\/\/www.bab-el-louk.org\/wp-content\/uploads\/2017\/03\/Glue-1-1-1200x900.jpg\" height=\"900\" width=\"1200\" alt=\"\" class=\"slider-5938 slide-5956 msDefaultImage\" title=\"Glue - 1 (1)\" \/><\/li>\n                <li style=\"display: none; width: 100%;\" class=\"slide-5955 ms-image \" aria-roledescription=\"slide\" data-date=\"2020-02-18 16:48:52\" data-filename=\"Glue-1-2-1200x900.jpg\" data-slide-type=\"image\"><img loading=\"lazy\" decoding=\"async\" src=\"http:\/\/www.bab-el-louk.org\/wp-content\/uploads\/2017\/03\/Glue-1-2-1200x900.jpg\" height=\"900\" width=\"1200\" alt=\"\" class=\"slider-5938 slide-5955 msDefaultImage\" title=\"Glue - 1 (2)\" \/><\/li>\n                <li style=\"display: none; width: 100%;\" class=\"slide-5954 ms-image \" aria-roledescription=\"slide\" data-date=\"2020-02-18 16:48:52\" data-filename=\"Glue-1-3-1200x900.jpg\" data-slide-type=\"image\"><img loading=\"lazy\" decoding=\"async\" src=\"http:\/\/www.bab-el-louk.org\/wp-content\/uploads\/2017\/03\/Glue-1-3-1200x900.jpg\" height=\"900\" width=\"1200\" alt=\"\" class=\"slider-5938 slide-5954 msDefaultImage\" title=\"Glue - 1 (3)\" \/><\/li>\n                <li style=\"display: none; width: 100%;\" class=\"slide-5953 ms-image \" aria-roledescription=\"slide\" data-date=\"2020-02-18 16:48:52\" data-filename=\"Glue-1-4-1200x900.jpg\" data-slide-type=\"image\"><img loading=\"lazy\" decoding=\"async\" src=\"http:\/\/www.bab-el-louk.org\/wp-content\/uploads\/2017\/03\/Glue-1-4-1200x900.jpg\" height=\"900\" width=\"1200\" alt=\"\" class=\"slider-5938 slide-5953 msDefaultImage\" title=\"Glue - 1 (4)\" \/><\/li>\n                <li style=\"display: none; width: 100%;\" class=\"slide-5952 ms-image \" aria-roledescription=\"slide\" data-date=\"2020-02-18 16:48:51\" data-filename=\"Glue-1-5-1200x900.jpg\" data-slide-type=\"image\"><img loading=\"lazy\" decoding=\"async\" src=\"http:\/\/www.bab-el-louk.org\/wp-content\/uploads\/2017\/03\/Glue-1-5-1200x900.jpg\" height=\"900\" width=\"1200\" alt=\"\" class=\"slider-5938 slide-5952 msDefaultImage\" title=\"Glue - 1 (5)\" \/><\/li>\n                <li style=\"display: none; width: 100%;\" class=\"slide-5951 ms-image \" aria-roledescription=\"slide\" data-date=\"2020-02-18 16:48:51\" data-filename=\"Glue-1-6-1200x900.jpg\" data-slide-type=\"image\"><img loading=\"lazy\" decoding=\"async\" src=\"http:\/\/www.bab-el-louk.org\/wp-content\/uploads\/2017\/03\/Glue-1-6-1200x900.jpg\" height=\"900\" width=\"1200\" alt=\"\" class=\"slider-5938 slide-5951 msDefaultImage\" title=\"Glue - 1 (6)\" \/><\/li>\n                <li style=\"display: none; width: 100%;\" class=\"slide-5950 ms-image \" aria-roledescription=\"slide\" data-date=\"2020-02-18 16:48:51\" data-filename=\"Glue-1-7-1200x900.jpg\" data-slide-type=\"image\"><img loading=\"lazy\" decoding=\"async\" src=\"http:\/\/www.bab-el-louk.org\/wp-content\/uploads\/2017\/03\/Glue-1-7-1200x900.jpg\" height=\"900\" width=\"1200\" alt=\"\" class=\"slider-5938 slide-5950 msDefaultImage\" title=\"Glue - 1 (7)\" \/><\/li>\n                <li style=\"display: none; width: 100%;\" class=\"slide-5958 ms-image \" aria-roledescription=\"slide\" data-date=\"2020-02-18 16:48:52\" data-filename=\"Glue_Caire_2017-1-1200x900.jpg\" data-slide-type=\"image\"><img loading=\"lazy\" decoding=\"async\" src=\"http:\/\/www.bab-el-louk.org\/wp-content\/uploads\/2017\/03\/Glue_Caire_2017-1-1200x900.jpg\" height=\"900\" width=\"1200\" alt=\"\" class=\"slider-5938 slide-5958 msDefaultImage\" title=\"Glue_Caire_2017 - 1\" \/><\/li>\n                <li style=\"display: none; width: 100%;\" class=\"slide-5949 ms-image \" aria-roledescription=\"slide\" data-date=\"2020-02-18 16:48:51\" data-filename=\"Glue-1-8-1200x900.jpg\" data-slide-type=\"image\"><img loading=\"lazy\" decoding=\"async\" src=\"http:\/\/www.bab-el-louk.org\/wp-content\/uploads\/2017\/03\/Glue-1-8-1200x900.jpg\" height=\"900\" width=\"1200\" alt=\"\" class=\"slider-5938 slide-5949 msDefaultImage\" title=\"Glue - 1 (8)\" \/><\/li>\n                <li style=\"display: none; width: 100%;\" class=\"slide-5948 ms-image \" aria-roledescription=\"slide\" data-date=\"2020-02-18 16:48:51\" data-filename=\"Glue-1-9-1200x900.jpg\" data-slide-type=\"image\"><img loading=\"lazy\" decoding=\"async\" src=\"http:\/\/www.bab-el-louk.org\/wp-content\/uploads\/2017\/03\/Glue-1-9-1200x900.jpg\" height=\"900\" width=\"1200\" alt=\"\" class=\"slider-5938 slide-5948 msDefaultImage\" title=\"Glue - 1 (9)\" \/><\/li>\n                <li style=\"display: none; width: 100%;\" class=\"slide-5947 ms-image \" aria-roledescription=\"slide\" data-date=\"2020-02-18 16:48:51\" data-filename=\"Glue-1-10-1200x900.jpg\" data-slide-type=\"image\"><img loading=\"lazy\" decoding=\"async\" src=\"http:\/\/www.bab-el-louk.org\/wp-content\/uploads\/2017\/03\/Glue-1-10-1200x900.jpg\" height=\"900\" width=\"1200\" alt=\"\" class=\"slider-5938 slide-5947 msDefaultImage\" title=\"Glue - 1 (10)\" \/><\/li>\n                <li style=\"display: none; width: 100%;\" class=\"slide-5946 ms-image \" aria-roledescription=\"slide\" data-date=\"2020-02-18 16:48:51\" data-filename=\"Glue-1-11-1200x900.jpg\" data-slide-type=\"image\"><img loading=\"lazy\" decoding=\"async\" src=\"http:\/\/www.bab-el-louk.org\/wp-content\/uploads\/2017\/03\/Glue-1-11-1200x900.jpg\" height=\"900\" width=\"1200\" alt=\"\" class=\"slider-5938 slide-5946 msDefaultImage\" title=\"Glue - 1 (11)\" \/><\/li>\n                <li style=\"display: none; width: 100%;\" class=\"slide-5940 ms-image \" aria-roledescription=\"slide\" data-date=\"2020-02-18 16:48:50\" data-filename=\"Glue-1-17-1200x900.jpg\" data-slide-type=\"image\"><img loading=\"lazy\" decoding=\"async\" src=\"http:\/\/www.bab-el-louk.org\/wp-content\/uploads\/2017\/03\/Glue-1-17-1200x900.jpg\" height=\"900\" width=\"1200\" alt=\"\" class=\"slider-5938 slide-5940 msDefaultImage\" title=\"Glue - 1 (17)\" \/><\/li>\n                <li style=\"display: none; width: 100%;\" class=\"slide-5944 ms-image \" aria-roledescription=\"slide\" data-date=\"2020-02-18 16:48:51\" data-filename=\"Glue-1-13-1200x900.jpg\" data-slide-type=\"image\"><img loading=\"lazy\" decoding=\"async\" src=\"http:\/\/www.bab-el-louk.org\/wp-content\/uploads\/2017\/03\/Glue-1-13-1200x900.jpg\" height=\"900\" width=\"1200\" alt=\"\" class=\"slider-5938 slide-5944 msDefaultImage\" title=\"Glue - 1 (13)\" \/><\/li>\n                <li style=\"display: none; width: 100%;\" class=\"slide-5943 ms-image \" aria-roledescription=\"slide\" data-date=\"2020-02-18 16:48:50\" data-filename=\"Glue-1-14-1200x900.jpg\" data-slide-type=\"image\"><img loading=\"lazy\" decoding=\"async\" src=\"http:\/\/www.bab-el-louk.org\/wp-content\/uploads\/2017\/03\/Glue-1-14-1200x900.jpg\" height=\"900\" width=\"1200\" alt=\"\" class=\"slider-5938 slide-5943 msDefaultImage\" title=\"Glue - 1 (14)\" \/><\/li>\n                <li style=\"display: none; width: 100%;\" class=\"slide-5942 ms-image \" aria-roledescription=\"slide\" data-date=\"2020-02-18 16:48:50\" data-filename=\"Glue-1-15-1200x900.jpg\" data-slide-type=\"image\"><img loading=\"lazy\" decoding=\"async\" src=\"http:\/\/www.bab-el-louk.org\/wp-content\/uploads\/2017\/03\/Glue-1-15-1200x900.jpg\" height=\"900\" width=\"1200\" alt=\"\" class=\"slider-5938 slide-5942 msDefaultImage\" title=\"Glue - 1 (15)\" \/><\/li>\n                <li style=\"display: none; width: 100%;\" class=\"slide-5941 ms-image \" aria-roledescription=\"slide\" data-date=\"2020-02-18 16:48:50\" data-filename=\"Glue-1-16-1200x900.jpg\" data-slide-type=\"image\"><img loading=\"lazy\" decoding=\"async\" src=\"http:\/\/www.bab-el-louk.org\/wp-content\/uploads\/2017\/03\/Glue-1-16-1200x900.jpg\" height=\"900\" width=\"1200\" alt=\"\" class=\"slider-5938 slide-5941 msDefaultImage\" title=\"Glue - 1 (16)\" \/><\/li>\n            <\/ul>\n        <\/div>\n        \n    <\/div>\n<\/div>\n<p><!--?php echo do_shortcode('[metaslider id=\"5938\"]'); ?--><strong>A noter pour toutes les photos ci-dessus : \u00a9 Pascal Garret &#8211; f\u00e9vrier 2017<\/strong><\/p>\n","protected":false},"excerpt":{"rendered":"<p>Lors de notre dernier terrain au Caire, B.F. et moi avons pass\u00e9 quelque temps dans les tanneries de cette ville dans lesquelles elle avait d\u00e9j\u00e0 fait des enqu\u00eates dans les ann\u00e9es 90. Ce fut l&rsquo;occasion d&rsquo;aller voir d&rsquo;un peu plus pr\u00e8s les fabriques de g\u00e9latine et de glue qui sont une activit\u00e9 annexe de celles &#8230; <a title=\"D&rsquo;o\u00f9 vient la g\u00e9latine de nos bonbons ? Enqu\u00eate dans les tanneries du Caire\" class=\"read-more\" href=\"http:\/\/www.bab-el-louk.org\/?page_id=869\" aria-label=\"En savoir plus sur D&rsquo;o\u00f9 vient la g\u00e9latine de nos bonbons ? Enqu\u00eate dans les tanneries du Caire\">Lire la suite<\/a><\/p>\n","protected":false},"author":1,"featured_media":0,"parent":0,"menu_order":0,"comment_status":"closed","ping_status":"closed","template":"","meta":{"footnotes":""},"class_list":["post-869","page","type-page","status-publish"],"_links":{"self":[{"href":"http:\/\/www.bab-el-louk.org\/index.php?rest_route=\/wp\/v2\/pages\/869","targetHints":{"allow":["GET"]}}],"collection":[{"href":"http:\/\/www.bab-el-louk.org\/index.php?rest_route=\/wp\/v2\/pages"}],"about":[{"href":"http:\/\/www.bab-el-louk.org\/index.php?rest_route=\/wp\/v2\/types\/page"}],"author":[{"embeddable":true,"href":"http:\/\/www.bab-el-louk.org\/index.php?rest_route=\/wp\/v2\/users\/1"}],"replies":[{"embeddable":true,"href":"http:\/\/www.bab-el-louk.org\/index.php?rest_route=%2Fwp%2Fv2%2Fcomments&post=869"}],"version-history":[{"count":18,"href":"http:\/\/www.bab-el-louk.org\/index.php?rest_route=\/wp\/v2\/pages\/869\/revisions"}],"predecessor-version":[{"id":5964,"href":"http:\/\/www.bab-el-louk.org\/index.php?rest_route=\/wp\/v2\/pages\/869\/revisions\/5964"}],"wp:attachment":[{"href":"http:\/\/www.bab-el-louk.org\/index.php?rest_route=%2Fwp%2Fv2%2Fmedia&parent=869"}],"curies":[{"name":"wp","href":"https:\/\/api.w.org\/{rel}","templated":true}]}}