{"id":833,"date":"2017-03-02T18:24:19","date_gmt":"2017-03-02T16:24:19","guid":{"rendered":"http:\/\/www.bab-el-louk.org\/?page_id=833"},"modified":"2021-05-11T09:44:42","modified_gmt":"2021-05-11T07:44:42","slug":"petit-detour-dans-le-quartier-des-recuperateurs-de-manshiyat-naser-au-caire-pour-voir-comment-on-y-recycle-laluminium","status":"publish","type":"page","link":"http:\/\/www.bab-el-louk.org\/?page_id=833","title":{"rendered":"Le recyclage de l&rsquo;aluminium \u00e0 Manshiyat Naser (Le Caire)"},"content":{"rendered":"<div id=\"metaslider-id-1680\" style=\"width: 100%;\" class=\"ml-slider-3-104-0 metaslider metaslider-flex metaslider-1680 ml-slider has-dots-nav ms-theme-default\" role=\"region\" aria-label=\"Aluminium\" data-height=\"800\" data-width=\"1200\">\n    <div id=\"metaslider_container_1680\">\n        <div id=\"metaslider_1680\">\n            <ul class='slides'>\n                <li style=\"display: block; width: 100%;\" class=\"slide-1693 ms-image \" aria-roledescription=\"slide\" data-date=\"2018-01-24 11:07:52\" data-filename=\"Manshiyat_2017-1-1-1200x800.jpg\" data-slide-type=\"image\"><img loading=\"lazy\" decoding=\"async\" src=\"http:\/\/www.bab-el-louk.org\/wp-content\/uploads\/2017\/03\/Manshiyat_2017-1-1-1200x800.jpg\" height=\"800\" width=\"1200\" alt=\"\" class=\"slider-1680 slide-1693 msDefaultImage\" \/><div class=\"caption-wrap\"><div class=\"caption\">\u00a9 Pascal Garret - Le Caire - f\u00e9vrier 2017<\/div><\/div><\/li>\n                <li style=\"display: none; width: 100%;\" class=\"slide-1692 ms-image \" aria-roledescription=\"slide\" data-date=\"2018-01-24 11:07:52\" data-filename=\"Manshiyat_2017-1-3-1200x800.jpg\" data-slide-type=\"image\"><img loading=\"lazy\" decoding=\"async\" src=\"http:\/\/www.bab-el-louk.org\/wp-content\/uploads\/2017\/03\/Manshiyat_2017-1-3-1200x800.jpg\" height=\"800\" width=\"1200\" alt=\"\" class=\"slider-1680 slide-1692 msDefaultImage\" \/><div class=\"caption-wrap\"><div class=\"caption\">\u00a9 Pascal Garret - Le Caire - f\u00e9vrier 2017<\/div><\/div><\/li>\n                <li style=\"display: none; width: 100%;\" class=\"slide-1691 ms-image \" aria-roledescription=\"slide\" data-date=\"2018-01-24 11:07:52\" data-filename=\"Manshiyat_2017-1-4-1200x800.jpg\" data-slide-type=\"image\"><img loading=\"lazy\" decoding=\"async\" src=\"http:\/\/www.bab-el-louk.org\/wp-content\/uploads\/2017\/03\/Manshiyat_2017-1-4-1200x800.jpg\" height=\"800\" width=\"1200\" alt=\"\" class=\"slider-1680 slide-1691 msDefaultImage\" \/><div class=\"caption-wrap\"><div class=\"caption\">\u00a9 Pascal Garret - Le Caire - f\u00e9vrier 2017<\/div><\/div><\/li>\n                <li style=\"display: none; width: 100%;\" class=\"slide-1690 ms-image \" aria-roledescription=\"slide\" data-date=\"2018-01-24 11:07:51\" data-filename=\"Manshiyat_2017-1-5-1200x800.jpg\" data-slide-type=\"image\"><img loading=\"lazy\" decoding=\"async\" src=\"http:\/\/www.bab-el-louk.org\/wp-content\/uploads\/2017\/03\/Manshiyat_2017-1-5-1200x800.jpg\" height=\"800\" width=\"1200\" alt=\"\" class=\"slider-1680 slide-1690 msDefaultImage\" \/><div class=\"caption-wrap\"><div class=\"caption\">\u00a9 Pascal Garret - Le Caire - f\u00e9vrier 2017<\/div><\/div><\/li>\n                <li style=\"display: none; width: 100%;\" class=\"slide-1694 ms-image \" aria-roledescription=\"slide\" data-date=\"2018-01-24 11:07:52\" data-filename=\"Manshiyat_2017-1-1200x800.jpg\" data-slide-type=\"image\"><img loading=\"lazy\" decoding=\"async\" src=\"http:\/\/www.bab-el-louk.org\/wp-content\/uploads\/2017\/03\/Manshiyat_2017-1-1200x800.jpg\" height=\"800\" width=\"1200\" alt=\"\" class=\"slider-1680 slide-1694 msDefaultImage\" \/><div class=\"caption-wrap\"><div class=\"caption\">\u00a9 Pascal Garret - Le Caire - f\u00e9vrier 2017<\/div><\/div><\/li>\n                <li style=\"display: none; width: 100%;\" class=\"slide-1687 ms-image \" aria-roledescription=\"slide\" data-date=\"2018-01-24 11:07:51\" data-filename=\"Manshiyat_2017-1-1-1-1200x800.jpg\" data-slide-type=\"image\"><img loading=\"lazy\" decoding=\"async\" src=\"http:\/\/www.bab-el-louk.org\/wp-content\/uploads\/2017\/03\/Manshiyat_2017-1-1-1-1200x800.jpg\" height=\"800\" width=\"1200\" alt=\"\" class=\"slider-1680 slide-1687 msDefaultImage\" \/><div class=\"caption-wrap\"><div class=\"caption\">\u00a9 Pascal Garret - Le Caire - f\u00e9vrier 2017<\/div><\/div><\/li>\n                <li style=\"display: none; width: 100%;\" class=\"slide-1689 ms-image \" aria-roledescription=\"slide\" data-date=\"2018-01-24 11:07:51\" data-filename=\"Manshiyat_2017-1-6-1200x800.jpg\" data-slide-type=\"image\"><img loading=\"lazy\" decoding=\"async\" src=\"http:\/\/www.bab-el-louk.org\/wp-content\/uploads\/2017\/03\/Manshiyat_2017-1-6-1200x800.jpg\" height=\"800\" width=\"1200\" alt=\"\" class=\"slider-1680 slide-1689 msDefaultImage\" \/><div class=\"caption-wrap\"><div class=\"caption\">\u00a9 Pascal Garret - Le Caire - f\u00e9vrier 2017<\/div><\/div><\/li>\n                <li style=\"display: none; width: 100%;\" class=\"slide-1686 ms-image \" aria-roledescription=\"slide\" data-date=\"2018-01-24 11:07:51\" data-filename=\"Manshiyat_2017-1-2-1-1200x800.jpg\" data-slide-type=\"image\"><img loading=\"lazy\" decoding=\"async\" src=\"http:\/\/www.bab-el-louk.org\/wp-content\/uploads\/2017\/03\/Manshiyat_2017-1-2-1-1200x800.jpg\" height=\"800\" width=\"1200\" alt=\"\" class=\"slider-1680 slide-1686 msDefaultImage\" \/><div class=\"caption-wrap\"><div class=\"caption\">\u00a9 Pascal Garret - Le Caire - f\u00e9vrier 2017<\/div><\/div><\/li>\n                <li style=\"display: none; width: 100%;\" class=\"slide-1685 ms-image \" aria-roledescription=\"slide\" data-date=\"2018-01-24 11:07:51\" data-filename=\"Manshiyat_2017-1-3-1-1200x800.jpg\" data-slide-type=\"image\"><img loading=\"lazy\" decoding=\"async\" src=\"http:\/\/www.bab-el-louk.org\/wp-content\/uploads\/2017\/03\/Manshiyat_2017-1-3-1-1200x800.jpg\" height=\"800\" width=\"1200\" alt=\"\" class=\"slider-1680 slide-1685 msDefaultImage\" \/><div class=\"caption-wrap\"><div class=\"caption\">\u00a9 Pascal Garret - Le Caire - f\u00e9vrier 2017<\/div><\/div><\/li>\n                <li style=\"display: none; width: 100%;\" class=\"slide-1684 ms-image \" aria-roledescription=\"slide\" data-date=\"2018-01-24 11:07:51\" data-filename=\"Manshiyat_2017-1-4-1-1200x800.jpg\" data-slide-type=\"image\"><img loading=\"lazy\" decoding=\"async\" src=\"http:\/\/www.bab-el-louk.org\/wp-content\/uploads\/2017\/03\/Manshiyat_2017-1-4-1-1200x800.jpg\" height=\"800\" width=\"1200\" alt=\"\" class=\"slider-1680 slide-1684 msDefaultImage\" \/><div class=\"caption-wrap\"><div class=\"caption\">\u00a9 Pascal Garret - Le Caire - f\u00e9vrier 2017<\/div><\/div><\/li>\n                <li style=\"display: none; width: 100%;\" class=\"slide-1683 ms-image \" aria-roledescription=\"slide\" data-date=\"2018-01-24 11:07:51\" data-filename=\"Manshiyat_2017-1-5-1-1200x800.jpg\" data-slide-type=\"image\"><img loading=\"lazy\" decoding=\"async\" src=\"http:\/\/www.bab-el-louk.org\/wp-content\/uploads\/2017\/03\/Manshiyat_2017-1-5-1-1200x800.jpg\" height=\"800\" width=\"1200\" alt=\"\" class=\"slider-1680 slide-1683 msDefaultImage\" \/><div class=\"caption-wrap\"><div class=\"caption\">\u00a9 Pascal Garret - Le Caire - f\u00e9vrier 2017<\/div><\/div><\/li>\n                <li style=\"display: none; width: 100%;\" class=\"slide-1682 ms-image \" aria-roledescription=\"slide\" data-date=\"2018-01-24 11:07:50\" data-filename=\"Manshiyat_2017-1-6-1-1200x800.jpg\" data-slide-type=\"image\"><img loading=\"lazy\" decoding=\"async\" src=\"http:\/\/www.bab-el-louk.org\/wp-content\/uploads\/2017\/03\/Manshiyat_2017-1-6-1-1200x800.jpg\" height=\"800\" width=\"1200\" alt=\"\" class=\"slider-1680 slide-1682 msDefaultImage\" \/><div class=\"caption-wrap\"><div class=\"caption\">\u00a9 Pascal Garret - Le Caire - f\u00e9vrier 2017<\/div><\/div><\/li>\n                <li style=\"display: none; width: 100%;\" class=\"slide-1681 ms-image \" aria-roledescription=\"slide\" data-date=\"2018-01-24 11:07:50\" data-filename=\"Manshiyat_2017-1-7-1200x800.jpg\" data-slide-type=\"image\"><img loading=\"lazy\" decoding=\"async\" src=\"http:\/\/www.bab-el-louk.org\/wp-content\/uploads\/2017\/03\/Manshiyat_2017-1-7-1200x800.jpg\" height=\"800\" width=\"1200\" alt=\"\" class=\"slider-1680 slide-1681 msDefaultImage\" \/><div class=\"caption-wrap\"><div class=\"caption\">\u00a9 Pascal Garret - Le Caire - f\u00e9vrier 2017<\/div><\/div><\/li>\n            <\/ul>\n        <\/div>\n        \n    <\/div>\n<\/div>\n<p>Les zabb\u00e2l\u00een, migrants pauvres venus de Haute-Egypte au Caire dans les ann\u00e9es 1930, sont des chr\u00e9tiens coptes qui collectent les ordures et les recyclent dans les quartiers o\u00f9 ils habitent dont le plus grand et le plus connu est Manshiyat Naser.<\/p>\n<p>Contrairement aux r\u00e9cup\u00e9rateurs marocains et turcs que nous connaissons bien, les zabb\u00e2l\u00een ne se contentent pas de collecter et trier les d\u00e9chets avant de revendre ceux qui sont valorisables \u00e0 des grossistes ou des entreprises sp\u00e9cialis\u00e9es dans le recyclage : ils transforment eux-m\u00eame certaines des mati\u00e8res r\u00e9colt\u00e9es comme, par exemple, le plastique.<\/p>\n<p>En ce mois de f\u00e9vrier 2017, toujours avec ma complice BF, nous sommes retourn\u00e9s \u00e0 Manshiyat voir quelques anciens amis r\u00e9cup\u00e9rateurs qui nous ont mis en contact avec un de leurs coll\u00e8gues sp\u00e9cialis\u00e9 dans l&rsquo;aluminium qu&rsquo;il recycle principalement \u00e0 partir des canettes de boissons qui sont ramen\u00e9s de toute la ville par les zabb\u00e2l\u00een.<\/p>\n<p>Ces canettes sont d&rsquo;abord tri\u00e9es puis stock\u00e9es dans de grands sacs, parfois compress\u00e9es en balles rectangulaires. Puis elles sont amen\u00e9es par camion ou pick-up dans l&rsquo;un des ateliers de recyclage d&rsquo;aluminium qui sont tous situ\u00e9s au pied de la falaise du Mokattam qui limite le c\u00f4t\u00e9 est du quartier de Manshiyat Naser. Arriv\u00e9s dans cet atelier, nous avons \u00e9t\u00e9 \u00e9tonn\u00e9s par la simplicit\u00e9 du syst\u00e8me de fonte de l&rsquo;aluminium : pas de four compliqu\u00e9, juste un simple creuset en ciment r\u00e9fractaire avec un syst\u00e8me d&rsquo;allumage aliment\u00e9 en air par un ventilateur et dont le carburant est de l&rsquo;huile de vidange&#8230;<\/p>\n<p>Une fois le creuset mis en chaleur, les ouvriers vont le charger en canettes d&rsquo;aluminium qui vont fondre et couler \u00e0 l&rsquo;int\u00e9rieur de celui-ci (la temp\u00e9rature de fonte de l&rsquo;alu est d&rsquo;environ 650\u00b0). La chaleur est intense, l&rsquo;odeur quasi indescriptible&#8230; Progressivement, tout ce qui n&rsquo;est pas aluminium brule, puis ce dernier se liqu\u00e9fie et coule au fond du creuset. C&rsquo;est assez sommaire comme installation, mais il faut faire vite et sans protection<\/p>\n<p>Une fois l&rsquo;ensemble des canettes fondues, seul l&rsquo;aluminium liquide reste dans le creuset. A l&rsquo;aide d&rsquo;une simple casserole \u00e0 long manche, l&rsquo;un des ouvriers pr\u00e9l\u00e8ve de l&rsquo;aluminium pour remplir des moules en ciment r\u00e9fractaire. D\u00e8s que l&rsquo;aluminium se solidifie, un autre ouvrier d\u00e9moule les lingots pour lib\u00e9rer le moule qui sera \u00e0 nouveau rempli tr\u00e8s rapidement.<\/p>\n<p>Et voil\u00e0, buveurs de Stella, comment finissent vos canettes vides&#8230; A 1000 euros la tonne (2017), c&rsquo;est un m\u00e9tier tr\u00e8s rentable, du moins si l&rsquo;on ne tient pas compte de la pollution et des conditions de travail indescriptibles par la photographie.<\/p>\n<p>Un grand merci \u00e0 M. B. de nous avoir ouvert les portes de son atelier et de nous avoir longuement expliqu\u00e9 son m\u00e9tier.<\/p>\n","protected":false},"excerpt":{"rendered":"<p>Les zabb\u00e2l\u00een, migrants pauvres venus de Haute-Egypte au Caire dans les ann\u00e9es 1930, sont des chr\u00e9tiens coptes qui collectent les ordures et les recyclent dans les quartiers o\u00f9 ils habitent dont le plus grand et le plus connu est Manshiyat Naser. Contrairement aux r\u00e9cup\u00e9rateurs marocains et turcs que nous connaissons bien, les zabb\u00e2l\u00een ne se &#8230; <a title=\"Le recyclage de l&rsquo;aluminium \u00e0 Manshiyat Naser (Le Caire)\" class=\"read-more\" href=\"http:\/\/www.bab-el-louk.org\/?page_id=833\" aria-label=\"En savoir plus sur Le recyclage de l&rsquo;aluminium \u00e0 Manshiyat Naser (Le Caire)\">Lire la suite<\/a><\/p>\n","protected":false},"author":1,"featured_media":0,"parent":0,"menu_order":0,"comment_status":"closed","ping_status":"closed","template":"","meta":{"footnotes":""},"class_list":["post-833","page","type-page","status-publish"],"_links":{"self":[{"href":"http:\/\/www.bab-el-louk.org\/index.php?rest_route=\/wp\/v2\/pages\/833","targetHints":{"allow":["GET"]}}],"collection":[{"href":"http:\/\/www.bab-el-louk.org\/index.php?rest_route=\/wp\/v2\/pages"}],"about":[{"href":"http:\/\/www.bab-el-louk.org\/index.php?rest_route=\/wp\/v2\/types\/page"}],"author":[{"embeddable":true,"href":"http:\/\/www.bab-el-louk.org\/index.php?rest_route=\/wp\/v2\/users\/1"}],"replies":[{"embeddable":true,"href":"http:\/\/www.bab-el-louk.org\/index.php?rest_route=%2Fwp%2Fv2%2Fcomments&post=833"}],"version-history":[{"count":22,"href":"http:\/\/www.bab-el-louk.org\/index.php?rest_route=\/wp\/v2\/pages\/833\/revisions"}],"predecessor-version":[{"id":6172,"href":"http:\/\/www.bab-el-louk.org\/index.php?rest_route=\/wp\/v2\/pages\/833\/revisions\/6172"}],"wp:attachment":[{"href":"http:\/\/www.bab-el-louk.org\/index.php?rest_route=%2Fwp%2Fv2%2Fmedia&parent=833"}],"curies":[{"name":"wp","href":"https:\/\/api.w.org\/{rel}","templated":true}]}}