{"id":6105,"date":"2020-11-03T10:58:57","date_gmt":"2020-11-03T08:58:57","guid":{"rendered":"http:\/\/www.bab-el-louk.org\/?page_id=6105"},"modified":"2023-04-28T12:27:27","modified_gmt":"2023-04-28T10:27:27","slug":"collecte-et-recyclage-a-lome","status":"publish","type":"page","link":"http:\/\/www.bab-el-louk.org\/?page_id=6105","title":{"rendered":"Collecte et recyclage des d\u00e9chets \u00e0 Lom\u00e9"},"content":{"rendered":"<div id=\"metaslider-id-6107\" style=\"width: 100%;\" class=\"ml-slider-3-104-0 metaslider metaslider-flex metaslider-6107 ml-slider has-dots-nav ms-theme-default\" role=\"region\" aria-label=\"Lom\u00e9\" data-height=\"800\" data-width=\"1200\">\n    <div id=\"metaslider_container_6107\">\n        <div id=\"metaslider_6107\">\n            <ul class='slides'>\n                <li style=\"display: block; width: 100%;\" class=\"slide-6108 ms-image \" aria-roledescription=\"slide\" data-date=\"2020-11-02 14:18:35\" data-filename=\"Lome\u0301_12_2019_01-1200x800.jpg\" data-slide-type=\"image\"><img loading=\"lazy\" decoding=\"async\" src=\"http:\/\/www.bab-el-louk.org\/wp-content\/uploads\/2020\/11\/Lome\u0301_12_2019_01-1200x800.jpg\" height=\"800\" width=\"1200\" alt=\"\" class=\"slider-6107 slide-6108 msDefaultImage\" title=\"Lome\u0301_12_2019_01\" \/><div class=\"caption-wrap\"><div class=\"caption\">\u00a9 Pascal Garret - Lom\u00e9 - d\u00e9cembre 2019<\/div><\/div><\/li>\n                <li style=\"display: none; width: 100%;\" class=\"slide-6121 ms-image \" aria-roledescription=\"slide\" data-date=\"2020-11-02 14:18:36\" data-filename=\"Lome\u0301_12_2019_02-1200x800.jpg\" data-slide-type=\"image\"><img loading=\"lazy\" decoding=\"async\" src=\"http:\/\/www.bab-el-louk.org\/wp-content\/uploads\/2020\/11\/Lome\u0301_12_2019_02-1200x800.jpg\" height=\"800\" width=\"1200\" alt=\"\" class=\"slider-6107 slide-6121 msDefaultImage\" title=\"Lome\u0301_12_2019_02\" \/><div class=\"caption-wrap\"><div class=\"caption\">\u00a9 Pascal Garret - Lom\u00e9 - d\u00e9cembre 2019<\/div><\/div><\/li>\n                <li style=\"display: none; width: 100%;\" class=\"slide-6122 ms-image \" aria-roledescription=\"slide\" data-date=\"2020-11-02 14:18:36\" data-filename=\"Lome\u0301_12_2019_03-1200x800.jpg\" data-slide-type=\"image\"><img loading=\"lazy\" decoding=\"async\" src=\"http:\/\/www.bab-el-louk.org\/wp-content\/uploads\/2020\/11\/Lome\u0301_12_2019_03-1200x800.jpg\" height=\"800\" width=\"1200\" alt=\"\" class=\"slider-6107 slide-6122 msDefaultImage\" title=\"Lome\u0301_12_2019_03\" \/><div class=\"caption-wrap\"><div class=\"caption\">\u00a9 Pascal Garret - Lom\u00e9 - d\u00e9cembre 2019<\/div><\/div><\/li>\n                <li style=\"display: none; width: 100%;\" class=\"slide-6120 ms-image \" aria-roledescription=\"slide\" data-date=\"2020-11-02 14:18:36\" data-filename=\"Lome\u0301_12_2019_04-1200x800.jpg\" data-slide-type=\"image\"><img loading=\"lazy\" decoding=\"async\" src=\"http:\/\/www.bab-el-louk.org\/wp-content\/uploads\/2020\/11\/Lome\u0301_12_2019_04-1200x800.jpg\" height=\"800\" width=\"1200\" alt=\"\" class=\"slider-6107 slide-6120 msDefaultImage\" title=\"Lome\u0301_12_2019_04\" \/><div class=\"caption-wrap\"><div class=\"caption\">\u00a9 Pascal Garret - Lom\u00e9 - d\u00e9cembre 2019<\/div><\/div><\/li>\n                <li style=\"display: none; width: 100%;\" class=\"slide-6117 ms-image \" aria-roledescription=\"slide\" data-date=\"2020-11-02 14:18:36\" data-filename=\"Lome\u0301_12_2019_06-1200x800.jpg\" data-slide-type=\"image\"><img loading=\"lazy\" decoding=\"async\" src=\"http:\/\/www.bab-el-louk.org\/wp-content\/uploads\/2020\/11\/Lome\u0301_12_2019_06-1200x800.jpg\" height=\"800\" width=\"1200\" alt=\"\" class=\"slider-6107 slide-6117 msDefaultImage\" title=\"Lome\u0301_12_2019_06\" \/><div class=\"caption-wrap\"><div class=\"caption\">\u00a9 Pascal Garret - Lom\u00e9 - d\u00e9cembre 2019<\/div><\/div><\/li>\n                <li style=\"display: none; width: 100%;\" class=\"slide-6119 ms-image \" aria-roledescription=\"slide\" data-date=\"2020-11-02 14:18:36\" data-filename=\"Lome\u0301_12_2019_05-1200x800.jpg\" data-slide-type=\"image\"><img loading=\"lazy\" decoding=\"async\" src=\"http:\/\/www.bab-el-louk.org\/wp-content\/uploads\/2020\/11\/Lome\u0301_12_2019_05-1200x800.jpg\" height=\"800\" width=\"1200\" alt=\"\" class=\"slider-6107 slide-6119 msDefaultImage\" title=\"Lome\u0301_12_2019_05\" \/><div class=\"caption-wrap\"><div class=\"caption\">\u00a9 Pascal Garret - Lom\u00e9 - d\u00e9cembre 2019<\/div><\/div><\/li>\n                <li style=\"display: none; width: 100%;\" class=\"slide-6118 ms-image \" aria-roledescription=\"slide\" data-date=\"2020-11-02 14:18:36\" data-filename=\"Lome\u0301_12_2019_07-1200x800.jpg\" data-slide-type=\"image\"><img loading=\"lazy\" decoding=\"async\" src=\"http:\/\/www.bab-el-louk.org\/wp-content\/uploads\/2020\/11\/Lome\u0301_12_2019_07-1200x800.jpg\" height=\"800\" width=\"1200\" alt=\"\" class=\"slider-6107 slide-6118 msDefaultImage\" title=\"Lome\u0301_12_2019_07\" \/><div class=\"caption-wrap\"><div class=\"caption\">\u00a9 Pascal Garret - Lom\u00e9 - d\u00e9cembre 2019<\/div><\/div><\/li>\n                <li style=\"display: none; width: 100%;\" class=\"slide-6116 ms-image \" aria-roledescription=\"slide\" data-date=\"2020-11-02 14:18:36\" data-filename=\"Lome\u0301_12_2019_08-1200x800.jpg\" data-slide-type=\"image\"><img loading=\"lazy\" decoding=\"async\" src=\"http:\/\/www.bab-el-louk.org\/wp-content\/uploads\/2020\/11\/Lome\u0301_12_2019_08-1200x800.jpg\" height=\"800\" width=\"1200\" alt=\"\" class=\"slider-6107 slide-6116 msDefaultImage\" title=\"Lome\u0301_12_2019_08\" \/><div class=\"caption-wrap\"><div class=\"caption\">\u00a9 Pascal Garret - Lom\u00e9 - d\u00e9cembre 2019<\/div><\/div><\/li>\n                <li style=\"display: none; width: 100%;\" class=\"slide-6114 ms-image \" aria-roledescription=\"slide\" data-date=\"2020-11-02 14:18:36\" data-filename=\"Lome\u0301_12_2019_10-1200x800.jpg\" data-slide-type=\"image\"><img loading=\"lazy\" decoding=\"async\" src=\"http:\/\/www.bab-el-louk.org\/wp-content\/uploads\/2020\/11\/Lome\u0301_12_2019_10-1200x800.jpg\" height=\"800\" width=\"1200\" alt=\"\" class=\"slider-6107 slide-6114 msDefaultImage\" title=\"Lome\u0301_12_2019_10\" \/><div class=\"caption-wrap\"><div class=\"caption\">\u00a9 Pascal Garret - Lom\u00e9 - d\u00e9cembre 2019<\/div><\/div><\/li>\n                <li style=\"display: none; width: 100%;\" class=\"slide-6115 ms-image \" aria-roledescription=\"slide\" data-date=\"2020-11-02 14:18:36\" data-filename=\"Lome\u0301_12_2019_09-1200x800.jpg\" data-slide-type=\"image\"><img loading=\"lazy\" decoding=\"async\" src=\"http:\/\/www.bab-el-louk.org\/wp-content\/uploads\/2020\/11\/Lome\u0301_12_2019_09-1200x800.jpg\" height=\"800\" width=\"1200\" alt=\"\" class=\"slider-6107 slide-6115 msDefaultImage\" title=\"Lome\u0301_12_2019_09\" \/><div class=\"caption-wrap\"><div class=\"caption\">\u00a9 Pascal Garret - Lom\u00e9 - d\u00e9cembre 2019<\/div><\/div><\/li>\n                <li style=\"display: none; width: 100%;\" class=\"slide-6113 ms-image \" aria-roledescription=\"slide\" data-date=\"2020-11-02 14:18:35\" data-filename=\"Lome\u0301_12_2019_11-1200x800.jpg\" data-slide-type=\"image\"><img loading=\"lazy\" decoding=\"async\" src=\"http:\/\/www.bab-el-louk.org\/wp-content\/uploads\/2020\/11\/Lome\u0301_12_2019_11-1200x800.jpg\" height=\"800\" width=\"1200\" alt=\"\" class=\"slider-6107 slide-6113 msDefaultImage\" title=\"Lome\u0301_12_2019_11\" \/><div class=\"caption-wrap\"><div class=\"caption\">\u00a9 Pascal Garret - Lom\u00e9 - d\u00e9cembre 2019<\/div><\/div><\/li>\n                <li style=\"display: none; width: 100%;\" class=\"slide-6111 ms-image \" aria-roledescription=\"slide\" data-date=\"2020-11-02 14:18:35\" data-filename=\"Lome\u0301_12_2019_12-1200x800.jpg\" data-slide-type=\"image\"><img loading=\"lazy\" decoding=\"async\" src=\"http:\/\/www.bab-el-louk.org\/wp-content\/uploads\/2020\/11\/Lome\u0301_12_2019_12-1200x800.jpg\" height=\"800\" width=\"1200\" alt=\"\" class=\"slider-6107 slide-6111 msDefaultImage\" title=\"Lome\u0301_12_2019_12\" \/><div class=\"caption-wrap\"><div class=\"caption\">\u00a9 Pascal Garret - Lom\u00e9 - d\u00e9cembre 2019<\/div><\/div><\/li>\n                <li style=\"display: none; width: 100%;\" class=\"slide-6112 ms-image \" aria-roledescription=\"slide\" data-date=\"2020-11-02 14:18:35\" data-filename=\"Lome\u0301_12_2019_13-1200x800.jpg\" data-slide-type=\"image\"><img loading=\"lazy\" decoding=\"async\" src=\"http:\/\/www.bab-el-louk.org\/wp-content\/uploads\/2020\/11\/Lome\u0301_12_2019_13-1200x800.jpg\" height=\"800\" width=\"1200\" alt=\"\" class=\"slider-6107 slide-6112 msDefaultImage\" title=\"Lome\u0301_12_2019_13\" \/><div class=\"caption-wrap\"><div class=\"caption\">\u00a9 Pascal Garret - Lom\u00e9 - d\u00e9cembre 2019<\/div><\/div><\/li>\n                <li style=\"display: none; width: 100%;\" class=\"slide-6110 ms-image \" aria-roledescription=\"slide\" data-date=\"2020-11-02 14:18:35\" data-filename=\"Lome\u0301_12_2019_14-1200x800.jpg\" data-slide-type=\"image\"><img loading=\"lazy\" decoding=\"async\" src=\"http:\/\/www.bab-el-louk.org\/wp-content\/uploads\/2020\/11\/Lome\u0301_12_2019_14-1200x800.jpg\" height=\"800\" width=\"1200\" alt=\"\" class=\"slider-6107 slide-6110 msDefaultImage\" title=\"Lome\u0301_12_2019_14\" \/><div class=\"caption-wrap\"><div class=\"caption\">\u00a9 Pascal Garret - Lom\u00e9 - d\u00e9cembre 2019<\/div><\/div><\/li>\n                <li style=\"display: none; width: 100%;\" class=\"slide-6109 ms-image \" aria-roledescription=\"slide\" data-date=\"2020-11-02 14:18:35\" data-filename=\"Lome\u0301_12_2019_15-1200x800.jpg\" data-slide-type=\"image\"><img loading=\"lazy\" decoding=\"async\" src=\"http:\/\/www.bab-el-louk.org\/wp-content\/uploads\/2020\/11\/Lome\u0301_12_2019_15-1200x800.jpg\" height=\"800\" width=\"1200\" alt=\"\" class=\"slider-6107 slide-6109 msDefaultImage\" title=\"Lome\u0301_12_2019_15\" \/><div class=\"caption-wrap\"><div class=\"caption\">\u00a9 Pascal Garret - Lom\u00e9 - d\u00e9cembre 2019<\/div><\/div><\/li>\n            <\/ul>\n        <\/div>\n        \n    <\/div>\n<\/div>\n\n\n\n<p>En d\u00e9cembre 2019, j&rsquo;ai r\u00e9alis\u00e9 pour le compte de l\u2019Agence Fran\u00e7aise de D\u00e9veloppement (AFD) une enqu\u00eate-collecte en vue de la pr\u00e9sentation de l\u2019exposition \u201cLa mise en image du rebut\u201c qui devait se tenir \u00e0 Lom\u00e9 en juin 2020, exposition qui est report\u00e9e \u00e0 cause de la pand\u00e9mie du Coronavirus.<\/p>\n\n\n\n<p>Ce terrain a \u00e9t\u00e9 r\u00e9alis\u00e9 en bin\u00f4me avec le photographe togolais Folly Koumouganh dans les quartiers de B\u00e8-Kpota (suivi complet d\u2019une tourn\u00e9e de pr\u00e9collecte), de Boka (centre de transit entre la pr\u00e9collecte et l&rsquo;acheminement des d\u00e9chets au site d&rsquo;enfouissement), d\u2019Ablegam\u00e9 (suivie d&rsquo;une tourn\u00e9e compl\u00e8te de deux jeunes collecteurs informels), de Noukafou (entreprise Africa Global Recycling) et B\u00e8-Kpota (chez un grossiste en ferraille).<\/p>\n","protected":false},"excerpt":{"rendered":"<p>En d\u00e9cembre 2019, j&rsquo;ai r\u00e9alis\u00e9 pour le compte de l\u2019Agence Fran\u00e7aise de D\u00e9veloppement (AFD) une enqu\u00eate-collecte en vue de la pr\u00e9sentation de l\u2019exposition \u201cLa mise en image du rebut\u201c qui devait se tenir \u00e0 Lom\u00e9 en juin 2020, exposition qui est report\u00e9e \u00e0 cause de la pand\u00e9mie du Coronavirus. Ce terrain a \u00e9t\u00e9 r\u00e9alis\u00e9 en &#8230; <a title=\"Collecte et recyclage des d\u00e9chets \u00e0 Lom\u00e9\" class=\"read-more\" href=\"http:\/\/www.bab-el-louk.org\/?page_id=6105\" aria-label=\"En savoir plus sur Collecte et recyclage des d\u00e9chets \u00e0 Lom\u00e9\">Lire la suite<\/a><\/p>\n","protected":false},"author":1,"featured_media":0,"parent":0,"menu_order":0,"comment_status":"closed","ping_status":"closed","template":"","meta":{"footnotes":""},"class_list":["post-6105","page","type-page","status-publish"],"_links":{"self":[{"href":"http:\/\/www.bab-el-louk.org\/index.php?rest_route=\/wp\/v2\/pages\/6105","targetHints":{"allow":["GET"]}}],"collection":[{"href":"http:\/\/www.bab-el-louk.org\/index.php?rest_route=\/wp\/v2\/pages"}],"about":[{"href":"http:\/\/www.bab-el-louk.org\/index.php?rest_route=\/wp\/v2\/types\/page"}],"author":[{"embeddable":true,"href":"http:\/\/www.bab-el-louk.org\/index.php?rest_route=\/wp\/v2\/users\/1"}],"replies":[{"embeddable":true,"href":"http:\/\/www.bab-el-louk.org\/index.php?rest_route=%2Fwp%2Fv2%2Fcomments&post=6105"}],"version-history":[{"count":4,"href":"http:\/\/www.bab-el-louk.org\/index.php?rest_route=\/wp\/v2\/pages\/6105\/revisions"}],"predecessor-version":[{"id":6467,"href":"http:\/\/www.bab-el-louk.org\/index.php?rest_route=\/wp\/v2\/pages\/6105\/revisions\/6467"}],"wp:attachment":[{"href":"http:\/\/www.bab-el-louk.org\/index.php?rest_route=%2Fwp%2Fv2%2Fmedia&parent=6105"}],"curies":[{"name":"wp","href":"https:\/\/api.w.org\/{rel}","templated":true}]}}