{"id":377,"date":"2015-11-17T11:11:54","date_gmt":"2015-11-17T09:11:54","guid":{"rendered":"http:\/\/www.bab-el-louk.org\/?page_id=377"},"modified":"2018-01-24T15:52:11","modified_gmt":"2018-01-24T13:52:11","slug":"les-depo-distanbul","status":"publish","type":"page","link":"http:\/\/www.bab-el-louk.org\/?page_id=377","title":{"rendered":"Les \u00ab\u00a0topla\u0131c\u0131lar\u00a0\u00bb d&rsquo;Istanbul"},"content":{"rendered":"<div id=\"metaslider-id-1797\" style=\"width: 100%;\" class=\"ml-slider-3-104-0 metaslider metaslider-flex metaslider-1797 ml-slider has-dots-nav ms-theme-default\" role=\"region\" aria-label=\"Topla\" data-height=\"800\" data-width=\"1200\">\n    <div id=\"metaslider_container_1797\">\n        <div id=\"metaslider_1797\">\n            <ul class='slides'>\n                <li style=\"display: block; width: 100%;\" class=\"slide-1826 ms-image \" aria-roledescription=\"slide\" data-date=\"2018-01-24 15:42:53\" data-filename=\"Topla-1-1200x800.jpg\" data-slide-type=\"image\"><img loading=\"lazy\" decoding=\"async\" src=\"http:\/\/www.bab-el-louk.org\/wp-content\/uploads\/2018\/01\/Topla-1-1200x800.jpg\" height=\"800\" width=\"1200\" alt=\"\" class=\"slider-1797 slide-1826 msDefaultImage\" \/><div class=\"caption-wrap\"><div class=\"caption\">\u00a9 Pascal Garret\/MuCEM - Istanbul - mai 2016<\/div><\/div><\/li>\n                <li style=\"display: none; width: 100%;\" class=\"slide-1827 ms-image \" aria-roledescription=\"slide\" data-date=\"2018-01-24 15:42:53\" data-filename=\"Topla-2-1200x800.jpg\" data-slide-type=\"image\"><img loading=\"lazy\" decoding=\"async\" src=\"http:\/\/www.bab-el-louk.org\/wp-content\/uploads\/2018\/01\/Topla-2-1200x800.jpg\" height=\"800\" width=\"1200\" alt=\"\" class=\"slider-1797 slide-1827 msDefaultImage\" \/><div class=\"caption-wrap\"><div class=\"caption\">\u00a9 Pascal Garret\/MuCEM - Istanbul - mai 2016<\/div><\/div><\/li>\n                <li style=\"display: none; width: 100%;\" class=\"slide-1828 ms-image \" aria-roledescription=\"slide\" data-date=\"2018-01-24 15:42:53\" data-filename=\"Topla-3-1200x800.jpg\" data-slide-type=\"image\"><img loading=\"lazy\" decoding=\"async\" src=\"http:\/\/www.bab-el-louk.org\/wp-content\/uploads\/2018\/01\/Topla-3-1200x800.jpg\" height=\"800\" width=\"1200\" alt=\"\" class=\"slider-1797 slide-1828 msDefaultImage\" \/><div class=\"caption-wrap\"><div class=\"caption\">\u00a9 Pascal Garret\/MuCEM - Istanbul - juillet 2015<\/div><\/div><\/li>\n                <li style=\"display: none; width: 100%;\" class=\"slide-1829 ms-image \" aria-roledescription=\"slide\" data-date=\"2018-01-24 15:42:53\" data-filename=\"Topla-4-1200x800.jpg\" data-slide-type=\"image\"><img loading=\"lazy\" decoding=\"async\" src=\"http:\/\/www.bab-el-louk.org\/wp-content\/uploads\/2018\/01\/Topla-4-1200x800.jpg\" height=\"800\" width=\"1200\" alt=\"\" class=\"slider-1797 slide-1829 msDefaultImage\" \/><div class=\"caption-wrap\"><div class=\"caption\">\u00a9 Pascal Garret\/MuCEM - Istanbul - mai 2016<\/div><\/div><\/li>\n                <li style=\"display: none; width: 100%;\" class=\"slide-1830 ms-image \" aria-roledescription=\"slide\" data-date=\"2018-01-24 15:42:53\" data-filename=\"Topla-5-1200x800.jpg\" data-slide-type=\"image\"><img loading=\"lazy\" decoding=\"async\" src=\"http:\/\/www.bab-el-louk.org\/wp-content\/uploads\/2018\/01\/Topla-5-1200x800.jpg\" height=\"800\" width=\"1200\" alt=\"\" class=\"slider-1797 slide-1830 msDefaultImage\" \/><div class=\"caption-wrap\"><div class=\"caption\">\u00a9 Pascal Garret - Istanbul - juillet 2014<\/div><\/div><\/li>\n                <li style=\"display: none; width: 100%;\" class=\"slide-1831 ms-image \" aria-roledescription=\"slide\" data-date=\"2018-01-24 15:42:54\" data-filename=\"Topla-6-1200x800.jpg\" data-slide-type=\"image\"><img loading=\"lazy\" decoding=\"async\" src=\"http:\/\/www.bab-el-louk.org\/wp-content\/uploads\/2018\/01\/Topla-6-1200x800.jpg\" height=\"800\" width=\"1200\" alt=\"\" class=\"slider-1797 slide-1831 msDefaultImage\" \/><div class=\"caption-wrap\"><div class=\"caption\">\u00a9 Pascal Garret\/MuCEM - Istanbul - juillet 2015<\/div><\/div><\/li>\n                <li style=\"display: none; width: 100%;\" class=\"slide-1833 ms-image \" aria-roledescription=\"slide\" data-date=\"2018-01-24 15:42:54\" data-filename=\"Topla-8-1200x800.jpg\" data-slide-type=\"image\"><img loading=\"lazy\" decoding=\"async\" src=\"http:\/\/www.bab-el-louk.org\/wp-content\/uploads\/2018\/01\/Topla-8-1200x800.jpg\" height=\"800\" width=\"1200\" alt=\"\" class=\"slider-1797 slide-1833 msDefaultImage\" \/><div class=\"caption-wrap\"><div class=\"caption\">\u00a9 Pascal Garret\/MuCEM - Istanbul - juillet 2015<\/div><\/div><\/li>\n                <li style=\"display: none; width: 100%;\" class=\"slide-1834 ms-image \" aria-roledescription=\"slide\" data-date=\"2018-01-24 15:42:54\" data-filename=\"Topla-9-1200x800.jpg\" data-slide-type=\"image\"><img loading=\"lazy\" decoding=\"async\" src=\"http:\/\/www.bab-el-louk.org\/wp-content\/uploads\/2018\/01\/Topla-9-1200x800.jpg\" height=\"800\" width=\"1200\" alt=\"\" class=\"slider-1797 slide-1834 msDefaultImage\" \/><div class=\"caption-wrap\"><div class=\"caption\">\u00a9 Pascal Garret\/MuCEM - Istanbul - juillet 2015<\/div><\/div><\/li>\n                <li style=\"display: none; width: 100%;\" class=\"slide-1835 ms-image \" aria-roledescription=\"slide\" data-date=\"2018-01-24 15:42:54\" data-filename=\"Topla-10-1200x800.jpg\" data-slide-type=\"image\"><img loading=\"lazy\" decoding=\"async\" src=\"http:\/\/www.bab-el-louk.org\/wp-content\/uploads\/2018\/01\/Topla-10-1200x800.jpg\" height=\"800\" width=\"1200\" alt=\"\" class=\"slider-1797 slide-1835 msDefaultImage\" \/><div class=\"caption-wrap\"><div class=\"caption\">\u00a9 Pascal Garret\/MuCEM - Istanbul -mai 2016<\/div><\/div><\/li>\n                <li style=\"display: none; width: 100%;\" class=\"slide-1836 ms-image \" aria-roledescription=\"slide\" data-date=\"2018-01-24 15:42:54\" data-filename=\"Topla-11-1200x800.jpg\" data-slide-type=\"image\"><img loading=\"lazy\" decoding=\"async\" src=\"http:\/\/www.bab-el-louk.org\/wp-content\/uploads\/2018\/01\/Topla-11-1200x800.jpg\" height=\"800\" width=\"1200\" alt=\"\" class=\"slider-1797 slide-1836 msDefaultImage\" \/><div class=\"caption-wrap\"><div class=\"caption\">\u00a9 Pascal Garret\/MuCEM - Istanbul -avril 2016<\/div><\/div><\/li>\n                <li style=\"display: none; width: 100%;\" class=\"slide-1837 ms-image \" aria-roledescription=\"slide\" data-date=\"2018-01-24 15:42:54\" data-filename=\"Topla-12-1200x800.jpg\" data-slide-type=\"image\"><img loading=\"lazy\" decoding=\"async\" src=\"http:\/\/www.bab-el-louk.org\/wp-content\/uploads\/2018\/01\/Topla-12-1200x800.jpg\" height=\"800\" width=\"1200\" alt=\"\" class=\"slider-1797 slide-1837 msDefaultImage\" \/><div class=\"caption-wrap\"><div class=\"caption\">\u00a9 Pascal Garret - Istanbul - juillet 2014<\/div><\/div><\/li>\n                <li style=\"display: none; width: 100%;\" class=\"slide-1838 ms-image \" aria-roledescription=\"slide\" data-date=\"2018-01-24 15:42:54\" data-filename=\"Topla-13-1200x800.jpg\" data-slide-type=\"image\"><img loading=\"lazy\" decoding=\"async\" src=\"http:\/\/www.bab-el-louk.org\/wp-content\/uploads\/2018\/01\/Topla-13-1200x800.jpg\" height=\"800\" width=\"1200\" alt=\"\" class=\"slider-1797 slide-1838 msDefaultImage\" \/><div class=\"caption-wrap\"><div class=\"caption\">\u00a9 Pascal Garret\/MuCEM - Istanbul -  juillet 2015<\/div><\/div><\/li>\n                <li style=\"display: none; width: 100%;\" class=\"slide-1839 ms-image \" aria-roledescription=\"slide\" data-date=\"2018-01-24 15:42:54\" data-filename=\"Topla-14-1200x800.jpg\" data-slide-type=\"image\"><img loading=\"lazy\" decoding=\"async\" src=\"http:\/\/www.bab-el-louk.org\/wp-content\/uploads\/2018\/01\/Topla-14-1200x800.jpg\" height=\"800\" width=\"1200\" alt=\"\" class=\"slider-1797 slide-1839 msDefaultImage\" \/><div class=\"caption-wrap\"><div class=\"caption\">\u00a9 Pascal Garret\/MuCEM - Istanbul -  juillet 2015<\/div><\/div><\/li>\n                <li style=\"display: none; width: 100%;\" class=\"slide-1840 ms-image \" aria-roledescription=\"slide\" data-date=\"2018-01-24 15:42:55\" data-filename=\"Topla-15-1200x800.jpg\" data-slide-type=\"image\"><img loading=\"lazy\" decoding=\"async\" src=\"http:\/\/www.bab-el-louk.org\/wp-content\/uploads\/2018\/01\/Topla-15-1200x800.jpg\" height=\"800\" width=\"1200\" alt=\"\" class=\"slider-1797 slide-1840 msDefaultImage\" \/><div class=\"caption-wrap\"><div class=\"caption\">\u00a9 Pascal Garret\/MuCEM - Istanbul - juillet 2015<\/div><\/div><\/li>\n                <li style=\"display: none; width: 100%;\" class=\"slide-1841 ms-image \" aria-roledescription=\"slide\" data-date=\"2018-01-24 15:42:55\" data-filename=\"Topla-16-1200x800.jpg\" data-slide-type=\"image\"><img loading=\"lazy\" decoding=\"async\" src=\"http:\/\/www.bab-el-louk.org\/wp-content\/uploads\/2018\/01\/Topla-16-1200x800.jpg\" height=\"800\" width=\"1200\" alt=\"\" class=\"slider-1797 slide-1841 msDefaultImage\" \/><div class=\"caption-wrap\"><div class=\"caption\">\u00a9 Pascal Garret\/MuCEM - Istanbul - mai 2016<\/div><\/div><\/li>\n                <li style=\"display: none; width: 100%;\" class=\"slide-1842 ms-image \" aria-roledescription=\"slide\" data-date=\"2018-01-24 15:42:55\" data-filename=\"Topla-17-1200x800.jpg\" data-slide-type=\"image\"><img loading=\"lazy\" decoding=\"async\" src=\"http:\/\/www.bab-el-louk.org\/wp-content\/uploads\/2018\/01\/Topla-17-1200x800.jpg\" height=\"800\" width=\"1200\" alt=\"\" class=\"slider-1797 slide-1842 msDefaultImage\" \/><div class=\"caption-wrap\"><div class=\"caption\">\u00a9 Pascal Garret\/MuCEM - Istanbul - mai 2016<\/div><\/div><\/li>\n                <li style=\"display: none; width: 100%;\" class=\"slide-1843 ms-image \" aria-roledescription=\"slide\" data-date=\"2018-01-24 15:42:55\" data-filename=\"Topla-18-1200x800.jpg\" data-slide-type=\"image\"><img loading=\"lazy\" decoding=\"async\" src=\"http:\/\/www.bab-el-louk.org\/wp-content\/uploads\/2018\/01\/Topla-18-1200x800.jpg\" height=\"800\" width=\"1200\" alt=\"\" class=\"slider-1797 slide-1843 msDefaultImage\" \/><div class=\"caption-wrap\"><div class=\"caption\">\u00a9 Pascal Garret\/MuCEM - Istanbul - mai 2016<\/div><\/div><\/li>\n                <li style=\"display: none; width: 100%;\" class=\"slide-1844 ms-image \" aria-roledescription=\"slide\" data-date=\"2018-01-24 15:42:55\" data-filename=\"Topla-19-1200x800.jpg\" data-slide-type=\"image\"><img loading=\"lazy\" decoding=\"async\" src=\"http:\/\/www.bab-el-louk.org\/wp-content\/uploads\/2018\/01\/Topla-19-1200x800.jpg\" height=\"800\" width=\"1200\" alt=\"\" class=\"slider-1797 slide-1844 msDefaultImage\" \/><div class=\"caption-wrap\"><div class=\"caption\">\u00a9 Pascal Garret\/MuCEM - Istanbul - mai 2016<\/div><\/div><\/li>\n                <li style=\"display: none; width: 100%;\" class=\"slide-1845 ms-image \" aria-roledescription=\"slide\" data-date=\"2018-01-24 15:42:55\" data-filename=\"Topla-20-1200x800.jpg\" data-slide-type=\"image\"><img loading=\"lazy\" decoding=\"async\" src=\"http:\/\/www.bab-el-louk.org\/wp-content\/uploads\/2018\/01\/Topla-20-1200x800.jpg\" height=\"800\" width=\"1200\" alt=\"\" class=\"slider-1797 slide-1845 msDefaultImage\" \/><div class=\"caption-wrap\"><div class=\"caption\">\u00a9 Pascal Garret\/MuCEM - Istanbul - mai 2016<\/div><\/div><\/li>\n                <li style=\"display: none; width: 100%;\" class=\"slide-1846 ms-image \" aria-roledescription=\"slide\" data-date=\"2018-01-24 15:42:55\" data-filename=\"Topla-21-1200x800.jpg\" data-slide-type=\"image\"><img loading=\"lazy\" decoding=\"async\" src=\"http:\/\/www.bab-el-louk.org\/wp-content\/uploads\/2018\/01\/Topla-21-1200x800.jpg\" height=\"800\" width=\"1200\" alt=\"\" class=\"slider-1797 slide-1846 msDefaultImage\" \/><div class=\"caption-wrap\"><div class=\"caption\">\u00a9 Pascal Garret\/MuCEM - Istanbul - mai 2016<\/div><\/div><\/li>\n                <li style=\"display: none; width: 100%;\" class=\"slide-1847 ms-image \" aria-roledescription=\"slide\" data-date=\"2018-01-24 15:42:55\" data-filename=\"Topla-22-1200x800.jpg\" data-slide-type=\"image\"><img loading=\"lazy\" decoding=\"async\" src=\"http:\/\/www.bab-el-louk.org\/wp-content\/uploads\/2018\/01\/Topla-22-1200x800.jpg\" height=\"800\" width=\"1200\" alt=\"\" class=\"slider-1797 slide-1847 msDefaultImage\" \/><div class=\"caption-wrap\"><div class=\"caption\">\u00a9 Pascal Garret\/MuCEM - Istanbul - mai 2016<\/div><\/div><\/li>\n                <li style=\"display: none; width: 100%;\" class=\"slide-1848 ms-image \" aria-roledescription=\"slide\" data-date=\"2018-01-24 15:42:55\" data-filename=\"Topla-23-1200x800.jpg\" data-slide-type=\"image\"><img loading=\"lazy\" decoding=\"async\" src=\"http:\/\/www.bab-el-louk.org\/wp-content\/uploads\/2018\/01\/Topla-23-1200x800.jpg\" height=\"800\" width=\"1200\" alt=\"\" class=\"slider-1797 slide-1848 msDefaultImage\" \/><div class=\"caption-wrap\"><div class=\"caption\">\u00a9 Pascal Garret\/MuCEM - Istanbul - mai 2016<\/div><\/div><\/li>\n                <li style=\"display: none; width: 100%;\" class=\"slide-1849 ms-image \" aria-roledescription=\"slide\" data-date=\"2018-01-24 15:42:56\" data-filename=\"Topla-24-1200x800.jpg\" data-slide-type=\"image\"><img loading=\"lazy\" decoding=\"async\" src=\"http:\/\/www.bab-el-louk.org\/wp-content\/uploads\/2018\/01\/Topla-24-1200x800.jpg\" height=\"800\" width=\"1200\" alt=\"\" class=\"slider-1797 slide-1849 msDefaultImage\" \/><div class=\"caption-wrap\"><div class=\"caption\">\u00a9 Pascal Garret\/MuCEM - Istanbul - mai 2016<\/div><\/div><\/li>\n                <li style=\"display: none; width: 100%;\" class=\"slide-1850 ms-image \" aria-roledescription=\"slide\" data-date=\"2018-01-24 15:42:56\" data-filename=\"Topla-25-1200x800.jpg\" data-slide-type=\"image\"><img loading=\"lazy\" decoding=\"async\" src=\"http:\/\/www.bab-el-louk.org\/wp-content\/uploads\/2018\/01\/Topla-25-1200x800.jpg\" height=\"800\" width=\"1200\" alt=\"\" class=\"slider-1797 slide-1850 msDefaultImage\" \/><div class=\"caption-wrap\"><div class=\"caption\">\u00a9 Pascal Garret\/MuCEM - Istanbul - juillet 2015<\/div><\/div><\/li>\n                <li style=\"display: none; width: 100%;\" class=\"slide-1851 ms-image \" aria-roledescription=\"slide\" data-date=\"2018-01-24 15:42:56\" data-filename=\"Topla-26-1200x800.jpg\" data-slide-type=\"image\"><img loading=\"lazy\" decoding=\"async\" src=\"http:\/\/www.bab-el-louk.org\/wp-content\/uploads\/2018\/01\/Topla-26-1200x800.jpg\" height=\"800\" width=\"1200\" alt=\"\" class=\"slider-1797 slide-1851 msDefaultImage\" \/><div class=\"caption-wrap\"><div class=\"caption\">\u00a9 Pascal Garret\/MuCEM - Istanbul - juillet 2015<\/div><\/div><\/li>\n                <li style=\"display: none; width: 100%;\" class=\"slide-1852 ms-image \" aria-roledescription=\"slide\" data-date=\"2018-01-24 15:42:56\" data-filename=\"Topla-27-1200x800.jpg\" data-slide-type=\"image\"><img loading=\"lazy\" decoding=\"async\" src=\"http:\/\/www.bab-el-louk.org\/wp-content\/uploads\/2018\/01\/Topla-27-1200x800.jpg\" height=\"800\" width=\"1200\" alt=\"\" class=\"slider-1797 slide-1852 msDefaultImage\" \/><div class=\"caption-wrap\"><div class=\"caption\">\u00a9 Pascal Garret\/MuCEM - Istanbul - juillet 2015<\/div><\/div><\/li>\n            <\/ul>\n        <\/div>\n        \n    <\/div>\n<\/div>\n<p>Cette campagne photographique a d\u00e9but\u00e9 avec la g\u00e9ographe B\u00e9n\u00e9dicte Florin en juillet 2014 aupr\u00e8s des r\u00e9cup\u00e9rateurs (topla\u0131c\u0131lar) et des patrons de \u00ab\u00a0depo\u00a0\u00bb (d\u00e9p\u00f4ts de stockage, lieux de tri, parfois m\u00e9canis\u00e9s, semi-grossistes formels ou informels) de la capitale \u00e9conomique turque, Istanbul. Nous y sommes retourn\u00e9s en juillet 2015 et avril\/mai 2016 dans le cadre du projet d\u2019exposition programm\u00e9 au Mucem (Marseille) en 2017 sur le th\u00e8me de <a href=\"http:\/\/www.bab-el-louk.org\/?p=1471\">\u00ab\u00a0Vies d&rsquo;Ordures\u00a0\u00bb<\/a>.<\/p>\n<p>A Istanbul, les \u00ab\u00a0depos\u00a0\u00bb sont des lieux de tri et de stockage, parfois m\u00e9canis\u00e9s, avec des semi-grossistes et des grossistes formels ou informels. Notre travail s\u2019est concentr\u00e9 sur la rive europ\u00e9enne dans deux des principaux quartiers de r\u00e9cup\u00e9rateurs et \u00ab\u00a0depos\u00a0\u00bb : Suleymaniye (vieille ville, environ 400 r\u00e9cup\u00e9rateurs et 50 \u00ab\u00a0depos\u00a0\u00bb) et Tarlaba\u00e7\u0131 (Beyo\u011flu, nombre de r\u00e9cup\u00e9rateurs inconnu, sans doute une trentaine de \u00ab\u00a0depos\u00a0\u00bb).<\/p>\n<p>Bien que tr\u00e8s centraux et situ\u00e9s \u00e0 proximit\u00e9 des zones les plus touristiques d&rsquo;Istanbul, ces deux quartiers sont install\u00e9s dans des \u00ab\u00a0trous\u00a0\u00bb et \u00ab\u00a0friches\u00a0\u00bb d\u00e9grad\u00e9s de la ville, r\u00e9sultat d&rsquo;une strat\u00e9gie d&rsquo;abandon volontaire de la part des autorit\u00e9s politiques locales pour mieux y justifier de futurs projets de r\u00e9novation urbaine. Il existe un autre grand quartier de r\u00e9cup\u00e9ration et de \u00ab\u00a0depos\u00a0\u00bb sur la rive asiatique.<\/p>\n<p>Tous les jours, ces r\u00e9cup\u00e9rateurs effectuent quatre \u00e0 cinq tourn\u00e9es de collecte de deux heures chacune dans les quartiers centraux d\u2019Istanbul, avant de trier et revendre les mat\u00e9riaux r\u00e9colt\u00e9s au grossiste informel dont il d\u00e9pendent.<\/p>\n<p>Les \u00ab\u00a0topla\u0131c\u0131lar\u00a0\u00bb (d\u00e9clinaison du verbe turc \u201cr\u00e9cup\u00e9rer\u201d) stanbouliotes fouillent dans les poubelles et conteneurs des rues pour y collecter tous les objets recyclables et r\u00e9utilisables qui auraient, sans ce travail de ramassage, achev\u00e9 leur trajectoire dans l\u2019une des d\u00e9charges de la m\u00e9tropole. Ils donnent ainsi une autre vie \u00e0 ces mati\u00e8res qui, loin d&rsquo;\u00eatre des rebuts \u00e0 leur yeux, ont une valeur pr\u00e9cise et constituent pour eux une ressource essentielle : leur gagne-pain.<\/p>\n<p>Ces r\u00e9cup\u00e9rateurs sont pourtant non reconnus et quasi invisibles dans la ville car, comme ils le disent eux-m\u00eames, ils exercent \u201cle dernier des m\u00e9tiers\u201c. Les conflits avec les automobilistes et la police sont fr\u00e9quents, notamment depuis qu\u2019un d\u00e9cret leur interdit de collecter dans les poubelles. Certains squattent des ruines sans eau ni \u00e9lectricit\u00e9, mais la plupart dorment dans des \u201cchambres de c\u00e9libataires\u201d, am\u00e9nag\u00e9es par les grossistes, o\u00f9 chacun dispose d\u2019une place exig\u00fce et o\u00f9 la vie entre-soi domine les relations sociales.<\/p>\n<p>S\u2019ils restent tr\u00e8s pr\u00e9sents dans l\u2019espace public, le r\u00f4le des \u00ab\u00a0topla\u0131c\u0131lar\u00a0\u00bb dans la ville est souvent remis en cause, expliquant leur attitude discr\u00e8te durant leurs tourn\u00e9es. Ainsi les r\u00e9cup\u00e9rateurs se d\u00e9placent tr\u00e8s vite et ne s&rsquo;arr\u00eatent que le temps n\u00e9cessaire devant les conteneurs de d\u00e9chets pour y collecter cartons, plastiques, m\u00e9taux ou objets int\u00e9ressants.<\/p>\n<p><a href=\"http:\/\/www.bab-el-louk.org\/?page_id=982\">Voir le parcours de Yunus, jeune \u00ab\u00a0topla\u0131c\u0131l\u0131\u00a0\u00bb que j&rsquo;ai suivi pendant les deux heures de l&rsquo;une ses tourn\u00e9es de r\u00e9cup\u00e9ration dans la ville d&rsquo;Istanbul&#8230;<\/a><\/p>\n","protected":false},"excerpt":{"rendered":"<p>Cette campagne photographique a d\u00e9but\u00e9 avec la g\u00e9ographe B\u00e9n\u00e9dicte Florin en juillet 2014 aupr\u00e8s des r\u00e9cup\u00e9rateurs (topla\u0131c\u0131lar) et des patrons de \u00ab\u00a0depo\u00a0\u00bb (d\u00e9p\u00f4ts de stockage, lieux de tri, parfois m\u00e9canis\u00e9s, semi-grossistes formels ou informels) de la capitale \u00e9conomique turque, Istanbul. Nous y sommes retourn\u00e9s en juillet 2015 et avril\/mai 2016 dans le cadre du projet &#8230; <a title=\"Les \u00ab\u00a0topla\u0131c\u0131lar\u00a0\u00bb d&rsquo;Istanbul\" class=\"read-more\" href=\"http:\/\/www.bab-el-louk.org\/?page_id=377\" aria-label=\"En savoir plus sur Les \u00ab\u00a0topla\u0131c\u0131lar\u00a0\u00bb d&rsquo;Istanbul\">Lire la suite<\/a><\/p>\n","protected":false},"author":1,"featured_media":0,"parent":0,"menu_order":0,"comment_status":"closed","ping_status":"closed","template":"","meta":{"footnotes":""},"class_list":["post-377","page","type-page","status-publish"],"_links":{"self":[{"href":"http:\/\/www.bab-el-louk.org\/index.php?rest_route=\/wp\/v2\/pages\/377","targetHints":{"allow":["GET"]}}],"collection":[{"href":"http:\/\/www.bab-el-louk.org\/index.php?rest_route=\/wp\/v2\/pages"}],"about":[{"href":"http:\/\/www.bab-el-louk.org\/index.php?rest_route=\/wp\/v2\/types\/page"}],"author":[{"embeddable":true,"href":"http:\/\/www.bab-el-louk.org\/index.php?rest_route=\/wp\/v2\/users\/1"}],"replies":[{"embeddable":true,"href":"http:\/\/www.bab-el-louk.org\/index.php?rest_route=%2Fwp%2Fv2%2Fcomments&post=377"}],"version-history":[{"count":17,"href":"http:\/\/www.bab-el-louk.org\/index.php?rest_route=\/wp\/v2\/pages\/377\/revisions"}],"predecessor-version":[{"id":1856,"href":"http:\/\/www.bab-el-louk.org\/index.php?rest_route=\/wp\/v2\/pages\/377\/revisions\/1856"}],"wp:attachment":[{"href":"http:\/\/www.bab-el-louk.org\/index.php?rest_route=%2Fwp%2Fv2%2Fmedia&parent=377"}],"curies":[{"name":"wp","href":"https:\/\/api.w.org\/{rel}","templated":true}]}}