{"id":2217,"date":"2019-03-05T18:58:35","date_gmt":"2019-03-05T16:58:35","guid":{"rendered":"http:\/\/www.bab-el-louk.org\/?page_id=2217"},"modified":"2020-01-10T16:04:33","modified_gmt":"2020-01-10T14:04:33","slug":"faire-la-ferraille-en-banlieue-parisienne","status":"publish","type":"page","link":"http:\/\/www.bab-el-louk.org\/?page_id=2217","title":{"rendered":"Faire la ferraille en banlieue parisienne&#8230;"},"content":{"rendered":"<div id=\"metaslider-id-2228\" style=\"width: 100%;\" class=\"ml-slider-3-104-0 metaslider metaslider-flex metaslider-2228 ml-slider has-dots-nav ms-theme-default\" role=\"region\" aria-label=\"Ferrailleurs\" data-height=\"900\" data-width=\"1200\">\n    <div id=\"metaslider_container_2228\">\n        <div id=\"metaslider_2228\">\n            <ul class='slides'>\n                <li style=\"display: block; width: 100%;\" class=\"slide-2229 ms-image \" aria-roledescription=\"slide\" data-date=\"2019-03-05 18:47:56\" data-filename=\"Photo_PG_Echogeo_01-1200x900.jpg\" data-slide-type=\"image\"><img loading=\"lazy\" decoding=\"async\" src=\"http:\/\/www.bab-el-louk.org\/wp-content\/uploads\/2019\/03\/Photo_PG_Echogeo_01-1200x900.jpg\" height=\"900\" width=\"1200\" alt=\"\" class=\"slider-2228 slide-2229 msDefaultImage\" title=\"Photo_PG_Ferraille_01\" \/><div class=\"caption-wrap\"><div class=\"caption\">\u00a9 Pascal Garret - Aubervilliers - juin 2016<\/div><\/div><\/li>\n                <li style=\"display: none; width: 100%;\" class=\"slide-2230 ms-image \" aria-roledescription=\"slide\" data-date=\"2019-03-05 18:47:56\" data-filename=\"Photo_PG_Echogeo_03-1200x900.jpg\" data-slide-type=\"image\"><img loading=\"lazy\" decoding=\"async\" src=\"http:\/\/www.bab-el-louk.org\/wp-content\/uploads\/2019\/03\/Photo_PG_Echogeo_03-1200x900.jpg\" height=\"900\" width=\"1200\" alt=\"\" class=\"slider-2228 slide-2230 msDefaultImage\" title=\"Photo_PG_Ferraille_03\" \/><div class=\"caption-wrap\"><div class=\"caption\">\u00a9 Pascal Garret - Aubervilliers - juin 2018<\/div><\/div><\/li>\n                <li style=\"display: none; width: 100%;\" class=\"slide-2235 ms-image \" aria-roledescription=\"slide\" data-date=\"2019-03-05 18:47:56\" data-filename=\"Photo_PG_Echogeo_02-1200x900.jpg\" data-slide-type=\"image\"><img loading=\"lazy\" decoding=\"async\" src=\"http:\/\/www.bab-el-louk.org\/wp-content\/uploads\/2019\/03\/Photo_PG_Echogeo_02-1200x900.jpg\" height=\"900\" width=\"1200\" alt=\"\" class=\"slider-2228 slide-2235 msDefaultImage\" title=\"Photo_PG_ferraille_02\" \/><div class=\"caption-wrap\"><div class=\"caption\">\u00a9 Pascal Garret - Ivry-sur-Seine - mai 2017<\/div><\/div><\/li>\n                <li style=\"display: none; width: 100%;\" class=\"slide-2231 ms-image \" aria-roledescription=\"slide\" data-date=\"2019-03-05 18:47:56\" data-filename=\"Photo_PG_Echogeo_05-1200x900.jpg\" data-slide-type=\"image\"><img loading=\"lazy\" decoding=\"async\" src=\"http:\/\/www.bab-el-louk.org\/wp-content\/uploads\/2019\/03\/Photo_PG_Echogeo_05-1200x900.jpg\" height=\"900\" width=\"1200\" alt=\"\" class=\"slider-2228 slide-2231 msDefaultImage\" title=\"Photo_PG_ferraille_05\" \/><div class=\"caption-wrap\"><div class=\"caption\">\u00a9 Pascal Garret - Bonneuil-sur-Marne - juin 2018<\/div><\/div><\/li>\n                <li style=\"display: none; width: 100%;\" class=\"slide-2232 ms-image \" aria-roledescription=\"slide\" data-date=\"2019-03-05 18:47:56\" data-filename=\"Photo_PG_Echogeo_08-1200x900.jpg\" data-slide-type=\"image\"><img loading=\"lazy\" decoding=\"async\" src=\"http:\/\/www.bab-el-louk.org\/wp-content\/uploads\/2019\/03\/Photo_PG_Echogeo_08-1200x900.jpg\" height=\"900\" width=\"1200\" alt=\"\" class=\"slider-2228 slide-2232 msDefaultImage\" title=\"Photo_PG_ferraille_08\" \/><div class=\"caption-wrap\"><div class=\"caption\">\u00a9 Pascal Garret - Bonneuil-sur-Marne - juin 2018<\/div><\/div><\/li>\n                <li style=\"display: none; width: 100%;\" class=\"slide-2233 ms-image \" aria-roledescription=\"slide\" data-date=\"2019-03-05 18:47:56\" data-filename=\"Photo_PG_Echogeo_09-1200x900.jpg\" data-slide-type=\"image\"><img loading=\"lazy\" decoding=\"async\" src=\"http:\/\/www.bab-el-louk.org\/wp-content\/uploads\/2019\/03\/Photo_PG_Echogeo_09-1200x900.jpg\" height=\"900\" width=\"1200\" alt=\"\" class=\"slider-2228 slide-2233 msDefaultImage\" title=\"Photo_PG_ferraille_09\" \/><div class=\"caption-wrap\"><div class=\"caption\">\u00a9 Pascal Garret - Ivry-sur-Seine - septembre 2017<\/div><\/div><\/li>\n                <li style=\"display: none; width: 100%;\" class=\"slide-2234 ms-image \" aria-roledescription=\"slide\" data-date=\"2019-03-05 18:47:56\" data-filename=\"Photo_PG_Echogeo_06-1200x900.jpg\" data-slide-type=\"image\"><img loading=\"lazy\" decoding=\"async\" src=\"http:\/\/www.bab-el-louk.org\/wp-content\/uploads\/2019\/03\/Photo_PG_Echogeo_06-1200x900.jpg\" height=\"900\" width=\"1200\" alt=\"\" class=\"slider-2228 slide-2234 msDefaultImage\" title=\"Photo_PG_ferraille_06\" \/><div class=\"caption-wrap\"><div class=\"caption\">\u00a9 Pascal Garret - Ivry-sur-Seine - juin 2017<\/div><\/div><\/li>\n                <li style=\"display: none; width: 100%;\" class=\"slide-2236 ms-image \" aria-roledescription=\"slide\" data-date=\"2019-03-05 18:47:56\" data-filename=\"Photo_PG_Echogeo_07-1200x900.jpg\" data-slide-type=\"image\"><img loading=\"lazy\" decoding=\"async\" src=\"http:\/\/www.bab-el-louk.org\/wp-content\/uploads\/2019\/03\/Photo_PG_Echogeo_07-1200x900.jpg\" height=\"900\" width=\"1200\" alt=\"\" class=\"slider-2228 slide-2236 msDefaultImage\" title=\"Photo_PG_ferraille_07\" \/><div class=\"caption-wrap\"><div class=\"caption\">\u00a9 Pascal Garret - Aubervilliers - novembre 2016<\/div><\/div><\/li>\n            <\/ul>\n        <\/div>\n        \n    <\/div>\n<\/div>\n\n\n\n<p>Ce terrain photographique a \u00e9t\u00e9 effectu\u00e9 de 2015 \u00e0 2019 avec B\u00e9n\u00e9dicte Florin en banlieue nord et est de Paris sur les r\u00e9cup\u00e9rateurs de ferrailles dans le cadre du programme de recherche MARG-IN portant sur les migrants roms dans les villes d\u2019Europe occidentale, laboratoire CITERES (CNRS\/Universit\u00e9 Fran\u00e7ois-Rabelais), financ\u00e9 par l\u2019Agence Nationale de Recherche (ANR).<\/p>\n\n\n\n<p><strong>Extrait du rapport final de ce terrain de recherche :<\/strong><\/p>\n\n\n\n<p>Activit\u00e9 plus ou moins informelle (selon les situations), r\u00e9cup\u00e9rer et revendre des m\u00e9taux s&rsquo;inscrit, a priori, dans une \u00e9conomie de la pauvret\u00e9, voire de la subsistance, qui doit toutefois \u00eatre nuanc\u00e9e. D&rsquo;une part, parce que \u00ab faire la ferraille \u00bb se distingue de la collecte dans les poubelles et de la biffe et que ceux qui la pratiquent ne sont pas n\u00e9cessairement les plus d\u00e9munis. D&rsquo;autre part, parce qu&rsquo;il s&rsquo;agit d&rsquo;un travail qui implique des outils, des moyens de transport et des circulations sp\u00e9cifiques et, donc, un certain investissement financier et un capital relationnel. Enfin, parce que les activit\u00e9s li\u00e9es \u00e0 la ferraille imbriquent \u00e9troitement des pratiques informelles au secteur formel, lui-m\u00eame li\u00e9 au march\u00e9 mondial des mati\u00e8res premi\u00e8res secondaires. Pour en donner une id\u00e9e, il suffit de savoir que les apports \u00ab\u00a0spontan\u00e9s\u00a0\u00bb de ces particuliers repr\u00e9sentent de 15 \u00e0 30% de l&rsquo;approvisionnement des ferrailleurs formels, notamment en m\u00e9taux non ferreux \u00e0 haute valeur ajout\u00e9e (cuivre, laiton, zinc, \u00e9tain, etc.), mais jusqu&rsquo;\u00e0 50% de leur chiffre d&rsquo;affaire. En bref, l&rsquo;\u00e9conomie de la ferraille est pour certains fort r\u00e9mun\u00e9ratrice et inscrite dans des fili\u00e8res mondialis\u00e9es, mais ses acteurs sont loin d&rsquo;\u00eatre tous \u00ab\u00a0log\u00e9s \u00e0 la m\u00eame enseigne\u00a0\u00bb.<\/p>\n","protected":false},"excerpt":{"rendered":"<p>Ce terrain photographique a \u00e9t\u00e9 effectu\u00e9 de 2015 \u00e0 2019 avec B\u00e9n\u00e9dicte Florin en banlieue nord et est de Paris sur les r\u00e9cup\u00e9rateurs de ferrailles dans le cadre du programme de recherche MARG-IN portant sur les migrants roms dans les villes d\u2019Europe occidentale, laboratoire CITERES (CNRS\/Universit\u00e9 Fran\u00e7ois-Rabelais), financ\u00e9 par l\u2019Agence Nationale de Recherche (ANR). Extrait &#8230; <a title=\"Faire la ferraille en banlieue parisienne&#8230;\" class=\"read-more\" href=\"http:\/\/www.bab-el-louk.org\/?page_id=2217\" aria-label=\"En savoir plus sur Faire la ferraille en banlieue parisienne&#8230;\">Lire la suite<\/a><\/p>\n","protected":false},"author":1,"featured_media":0,"parent":0,"menu_order":0,"comment_status":"closed","ping_status":"closed","template":"","meta":{"footnotes":""},"class_list":["post-2217","page","type-page","status-publish"],"_links":{"self":[{"href":"http:\/\/www.bab-el-louk.org\/index.php?rest_route=\/wp\/v2\/pages\/2217","targetHints":{"allow":["GET"]}}],"collection":[{"href":"http:\/\/www.bab-el-louk.org\/index.php?rest_route=\/wp\/v2\/pages"}],"about":[{"href":"http:\/\/www.bab-el-louk.org\/index.php?rest_route=\/wp\/v2\/types\/page"}],"author":[{"embeddable":true,"href":"http:\/\/www.bab-el-louk.org\/index.php?rest_route=\/wp\/v2\/users\/1"}],"replies":[{"embeddable":true,"href":"http:\/\/www.bab-el-louk.org\/index.php?rest_route=%2Fwp%2Fv2%2Fcomments&post=2217"}],"version-history":[{"count":5,"href":"http:\/\/www.bab-el-louk.org\/index.php?rest_route=\/wp\/v2\/pages\/2217\/revisions"}],"predecessor-version":[{"id":5924,"href":"http:\/\/www.bab-el-louk.org\/index.php?rest_route=\/wp\/v2\/pages\/2217\/revisions\/5924"}],"wp:attachment":[{"href":"http:\/\/www.bab-el-louk.org\/index.php?rest_route=%2Fwp%2Fv2%2Fmedia&parent=2217"}],"curies":[{"name":"wp","href":"https:\/\/api.w.org\/{rel}","templated":true}]}}