{"id":1909,"date":"2018-02-20T12:24:55","date_gmt":"2018-02-20T10:24:55","guid":{"rendered":"http:\/\/www.bab-el-louk.org\/?page_id=1909"},"modified":"2018-02-27T11:34:31","modified_gmt":"2018-02-27T09:34:31","slug":"les-demonteurs-de-voitures-de-mumbai","status":"publish","type":"page","link":"http:\/\/www.bab-el-louk.org\/?page_id=1909","title":{"rendered":"Les d\u00e9monteurs de voitures de Mumbai"},"content":{"rendered":"<div id=\"metaslider-id-1930\" style=\"width: 100%;\" class=\"ml-slider-3-104-0 metaslider metaslider-flex metaslider-1930 ml-slider has-dots-nav ms-theme-default\" role=\"region\" aria-label=\"Mumbai\" data-height=\"800\" data-width=\"1200\">\n    <div id=\"metaslider_container_1930\">\n        <div id=\"metaslider_1930\">\n            <ul class='slides'>\n                <li style=\"display: block; width: 100%;\" class=\"slide-1931 ms-image \" aria-roledescription=\"slide\" data-date=\"2018-02-20 12:17:21\" data-filename=\"Demonteurs_voitures_Mumbai_01-1200x800.jpg\" data-slide-type=\"image\"><img loading=\"lazy\" decoding=\"async\" src=\"http:\/\/www.bab-el-louk.org\/wp-content\/uploads\/2018\/02\/Demonteurs_voitures_Mumbai_01-1200x800.jpg\" height=\"800\" width=\"1200\" alt=\"\" class=\"slider-1930 slide-1931 msDefaultImage\" \/><div class=\"caption-wrap\"><div class=\"caption\">\u00a9 Pascal Garret - Mumbai - f\u00e9vrier 2018<\/div><\/div><\/li>\n                <li style=\"display: none; width: 100%;\" class=\"slide-1950 ms-image \" aria-roledescription=\"slide\" data-date=\"2018-02-20 12:17:23\" data-filename=\"Demonteurs_voitures_Mumbai_02-1200x800.jpg\" data-slide-type=\"image\"><img loading=\"lazy\" decoding=\"async\" src=\"http:\/\/www.bab-el-louk.org\/wp-content\/uploads\/2018\/02\/Demonteurs_voitures_Mumbai_02-1200x800.jpg\" height=\"800\" width=\"1200\" alt=\"\" class=\"slider-1930 slide-1950 msDefaultImage\" \/><div class=\"caption-wrap\"><div class=\"caption\">\u00a9 Pascal Garret - Mumbai - f\u00e9vrier 2018<\/div><\/div><\/li>\n                <li style=\"display: none; width: 100%;\" class=\"slide-1949 ms-image \" aria-roledescription=\"slide\" data-date=\"2018-02-20 12:17:23\" data-filename=\"Demonteurs_voitures_Mumbai_03-1200x800.jpg\" data-slide-type=\"image\"><img loading=\"lazy\" decoding=\"async\" src=\"http:\/\/www.bab-el-louk.org\/wp-content\/uploads\/2018\/02\/Demonteurs_voitures_Mumbai_03-1200x800.jpg\" height=\"800\" width=\"1200\" alt=\"\" class=\"slider-1930 slide-1949 msDefaultImage\" \/><div class=\"caption-wrap\"><div class=\"caption\">\u00a9 Pascal Garret - Mumbai - f\u00e9vrier 2018<\/div><\/div><\/li>\n                <li style=\"display: none; width: 100%;\" class=\"slide-1948 ms-image \" aria-roledescription=\"slide\" data-date=\"2018-02-20 12:17:23\" data-filename=\"Demonteurs_voitures_Mumbai_04-1200x800.jpg\" data-slide-type=\"image\"><img loading=\"lazy\" decoding=\"async\" src=\"http:\/\/www.bab-el-louk.org\/wp-content\/uploads\/2018\/02\/Demonteurs_voitures_Mumbai_04-1200x800.jpg\" height=\"800\" width=\"1200\" alt=\"\" class=\"slider-1930 slide-1948 msDefaultImage\" \/><div class=\"caption-wrap\"><div class=\"caption\">\u00a9 Pascal Garret - Mumbai - f\u00e9vrier 2018<\/div><\/div><\/li>\n                <li style=\"display: none; width: 100%;\" class=\"slide-1947 ms-image \" aria-roledescription=\"slide\" data-date=\"2018-02-20 12:17:23\" data-filename=\"Demonteurs_voitures_Mumbai_05-1200x800.jpg\" data-slide-type=\"image\"><img loading=\"lazy\" decoding=\"async\" src=\"http:\/\/www.bab-el-louk.org\/wp-content\/uploads\/2018\/02\/Demonteurs_voitures_Mumbai_05-1200x800.jpg\" height=\"800\" width=\"1200\" alt=\"\" class=\"slider-1930 slide-1947 msDefaultImage\" \/><div class=\"caption-wrap\"><div class=\"caption\">\u00a9 Pascal Garret - Mumbai - f\u00e9vrier 2018<\/div><\/div><\/li>\n                <li style=\"display: none; width: 100%;\" class=\"slide-1946 ms-image \" aria-roledescription=\"slide\" data-date=\"2018-02-20 12:17:22\" data-filename=\"Demonteurs_voitures_Mumbai_06-1200x800.jpg\" data-slide-type=\"image\"><img loading=\"lazy\" decoding=\"async\" src=\"http:\/\/www.bab-el-louk.org\/wp-content\/uploads\/2018\/02\/Demonteurs_voitures_Mumbai_06-1200x800.jpg\" height=\"800\" width=\"1200\" alt=\"\" class=\"slider-1930 slide-1946 msDefaultImage\" \/><div class=\"caption-wrap\"><div class=\"caption\">\u00a9 Pascal Garret - Mumbai - f\u00e9vrier 2018<\/div><\/div><\/li>\n                <li style=\"display: none; width: 100%;\" class=\"slide-1945 ms-image \" aria-roledescription=\"slide\" data-date=\"2018-02-20 12:17:22\" data-filename=\"Demonteurs_voitures_Mumbai_07-1200x800.jpg\" data-slide-type=\"image\"><img loading=\"lazy\" decoding=\"async\" src=\"http:\/\/www.bab-el-louk.org\/wp-content\/uploads\/2018\/02\/Demonteurs_voitures_Mumbai_07-1200x800.jpg\" height=\"800\" width=\"1200\" alt=\"\" class=\"slider-1930 slide-1945 msDefaultImage\" \/><div class=\"caption-wrap\"><div class=\"caption\">\u00a9 Pascal Garret - Mumbai - f\u00e9vrier 2018<\/div><\/div><\/li>\n                <li style=\"display: none; width: 100%;\" class=\"slide-1944 ms-image \" aria-roledescription=\"slide\" data-date=\"2018-02-20 12:17:22\" data-filename=\"Demonteurs_voitures_Mumbai_08-1200x800.jpg\" data-slide-type=\"image\"><img loading=\"lazy\" decoding=\"async\" src=\"http:\/\/www.bab-el-louk.org\/wp-content\/uploads\/2018\/02\/Demonteurs_voitures_Mumbai_08-1200x800.jpg\" height=\"800\" width=\"1200\" alt=\"\" class=\"slider-1930 slide-1944 msDefaultImage\" \/><div class=\"caption-wrap\"><div class=\"caption\">\u00a9 Pascal Garret - Mumbai - f\u00e9vrier 2018<\/div><\/div><\/li>\n                <li style=\"display: none; width: 100%;\" class=\"slide-1943 ms-image \" aria-roledescription=\"slide\" data-date=\"2018-02-20 12:17:22\" data-filename=\"Demonteurs_voitures_Mumbai_09-1200x800.jpg\" data-slide-type=\"image\"><img loading=\"lazy\" decoding=\"async\" src=\"http:\/\/www.bab-el-louk.org\/wp-content\/uploads\/2018\/02\/Demonteurs_voitures_Mumbai_09-1200x800.jpg\" height=\"800\" width=\"1200\" alt=\"\" class=\"slider-1930 slide-1943 msDefaultImage\" \/><div class=\"caption-wrap\"><div class=\"caption\">\u00a9 Pascal Garret - Mumbai - f\u00e9vrier 2018<\/div><\/div><\/li>\n                <li style=\"display: none; width: 100%;\" class=\"slide-1942 ms-image \" aria-roledescription=\"slide\" data-date=\"2018-02-20 12:17:22\" data-filename=\"Demonteurs_voitures_Mumbai_10-1200x800.jpg\" data-slide-type=\"image\"><img loading=\"lazy\" decoding=\"async\" src=\"http:\/\/www.bab-el-louk.org\/wp-content\/uploads\/2018\/02\/Demonteurs_voitures_Mumbai_10-1200x800.jpg\" height=\"800\" width=\"1200\" alt=\"\" class=\"slider-1930 slide-1942 msDefaultImage\" \/><div class=\"caption-wrap\"><div class=\"caption\">\u00a9 Pascal Garret - Mumbai - f\u00e9vrier 2018<\/div><\/div><\/li>\n                <li style=\"display: none; width: 100%;\" class=\"slide-1941 ms-image \" aria-roledescription=\"slide\" data-date=\"2018-02-20 12:17:22\" data-filename=\"Demonteurs_voitures_Mumbai_11-1200x800.jpg\" data-slide-type=\"image\"><img loading=\"lazy\" decoding=\"async\" src=\"http:\/\/www.bab-el-louk.org\/wp-content\/uploads\/2018\/02\/Demonteurs_voitures_Mumbai_11-1200x800.jpg\" height=\"800\" width=\"1200\" alt=\"\" class=\"slider-1930 slide-1941 msDefaultImage\" \/><div class=\"caption-wrap\"><div class=\"caption\">\u00a9 Pascal Garret - Mumbai - f\u00e9vrier 2018<\/div><\/div><\/li>\n                <li style=\"display: none; width: 100%;\" class=\"slide-1940 ms-image \" aria-roledescription=\"slide\" data-date=\"2018-02-20 12:17:22\" data-filename=\"Demonteurs_voitures_Mumbai_12-1200x800.jpg\" data-slide-type=\"image\"><img loading=\"lazy\" decoding=\"async\" src=\"http:\/\/www.bab-el-louk.org\/wp-content\/uploads\/2018\/02\/Demonteurs_voitures_Mumbai_12-1200x800.jpg\" height=\"800\" width=\"1200\" alt=\"\" class=\"slider-1930 slide-1940 msDefaultImage\" \/><div class=\"caption-wrap\"><div class=\"caption\">\u00a9 Pascal Garret - Mumbai - f\u00e9vrier 2018<\/div><\/div><\/li>\n                <li style=\"display: none; width: 100%;\" class=\"slide-1939 ms-image \" aria-roledescription=\"slide\" data-date=\"2018-02-20 12:17:22\" data-filename=\"Demonteurs_voitures_Mumbai_13-1200x800.jpg\" data-slide-type=\"image\"><img loading=\"lazy\" decoding=\"async\" src=\"http:\/\/www.bab-el-louk.org\/wp-content\/uploads\/2018\/02\/Demonteurs_voitures_Mumbai_13-1200x800.jpg\" height=\"800\" width=\"1200\" alt=\"\" class=\"slider-1930 slide-1939 msDefaultImage\" \/><div class=\"caption-wrap\"><div class=\"caption\">\u00a9 Pascal Garret - Mumbai - f\u00e9vrier 2018<\/div><\/div><\/li>\n                <li style=\"display: none; width: 100%;\" class=\"slide-1938 ms-image \" aria-roledescription=\"slide\" data-date=\"2018-02-20 12:17:21\" data-filename=\"Demonteurs_voitures_Mumbai_14-1200x800.jpg\" data-slide-type=\"image\"><img loading=\"lazy\" decoding=\"async\" src=\"http:\/\/www.bab-el-louk.org\/wp-content\/uploads\/2018\/02\/Demonteurs_voitures_Mumbai_14-1200x800.jpg\" height=\"800\" width=\"1200\" alt=\"\" class=\"slider-1930 slide-1938 msDefaultImage\" \/><div class=\"caption-wrap\"><div class=\"caption\">\u00a9 Pascal Garret - Mumbai - f\u00e9vrier 2018<\/div><\/div><\/li>\n                <li style=\"display: none; width: 100%;\" class=\"slide-1937 ms-image \" aria-roledescription=\"slide\" data-date=\"2018-02-20 12:17:21\" data-filename=\"Demonteurs_voitures_Mumbai_15-1200x800.jpg\" data-slide-type=\"image\"><img loading=\"lazy\" decoding=\"async\" src=\"http:\/\/www.bab-el-louk.org\/wp-content\/uploads\/2018\/02\/Demonteurs_voitures_Mumbai_15-1200x800.jpg\" height=\"800\" width=\"1200\" alt=\"\" class=\"slider-1930 slide-1937 msDefaultImage\" \/><div class=\"caption-wrap\"><div class=\"caption\">\u00a9 Pascal Garret - Mumbai - f\u00e9vrier 2018<\/div><\/div><\/li>\n                <li style=\"display: none; width: 100%;\" class=\"slide-1936 ms-image \" aria-roledescription=\"slide\" data-date=\"2018-02-20 12:17:21\" data-filename=\"Demonteurs_voitures_Mumbai_16-1200x800.jpg\" data-slide-type=\"image\"><img loading=\"lazy\" decoding=\"async\" src=\"http:\/\/www.bab-el-louk.org\/wp-content\/uploads\/2018\/02\/Demonteurs_voitures_Mumbai_16-1200x800.jpg\" height=\"800\" width=\"1200\" alt=\"\" class=\"slider-1930 slide-1936 msDefaultImage\" \/><div class=\"caption-wrap\"><div class=\"caption\">\u00a9 Pascal Garret - Mumbai - f\u00e9vrier 2018<\/div><\/div><\/li>\n                <li style=\"display: none; width: 100%;\" class=\"slide-1934 ms-image \" aria-roledescription=\"slide\" data-date=\"2018-02-20 12:17:21\" data-filename=\"Demonteurs_voitures_Mumbai_18-1200x800.jpg\" data-slide-type=\"image\"><img loading=\"lazy\" decoding=\"async\" src=\"http:\/\/www.bab-el-louk.org\/wp-content\/uploads\/2018\/02\/Demonteurs_voitures_Mumbai_18-1200x800.jpg\" height=\"800\" width=\"1200\" alt=\"\" class=\"slider-1930 slide-1934 msDefaultImage\" \/><div class=\"caption-wrap\"><div class=\"caption\">\u00a9 Pascal Garret - Mumbai - f\u00e9vrier 2018<\/div><\/div><\/li>\n            <\/ul>\n        <\/div>\n        \n    <\/div>\n<\/div>\n<p>Apr\u00e8s un premier rep\u00e9rage en janvier 2016, je suis retourn\u00e9 \u00e0 Mumbai en f\u00e9vrier 2018 dans un petit quartier situ\u00e9 en plein centre de la ville, \u00e0 quelques pas de Chor Bazar.<\/p>\n<p>En plein milieu de quelques rues, une petite centaine de personnes y exercent une activit\u00e9 un peu particuli\u00e8re : le d\u00e9montage de voitures. Moins connu que le \u00ab\u00a0Ship breaking\u00a0\u00bb, le \u00ab\u00a0Car breaking\u00a0\u00bb fonctionne selon le m\u00eame principe mais \u00e0 plus petite \u00e9chelle. Pour les personnes qui exercent ce m\u00e9tier, un v\u00e9hicule usag\u00e9 n&rsquo;est pas vu comme un d\u00e9chet dont il faut se d\u00e9barrasser mais, bien au contraire, comme un objet dont on peu tirer grand profit&#8230;<\/p>\n<p>Ici, entre 5 et 10 voitures en fin de vie arrivent chaque jour et sont enti\u00e8rement d\u00e9mont\u00e9e en moins de 2 heures chacune&#8230; Tout ce qui est r\u00e9cup\u00e9rable et revendable est d\u00e9mont\u00e9 avec soin : par-chocs, porti\u00e8res ou ailes non ab\u00eem\u00e9es, volants, fauteuils, etc. Sans attendre, la carcasse de ces voitures est d\u00e9coup\u00e9e au burin et marteau, chaque morceau \u00e9tant ensuite d\u00e9barrass\u00e9 de toutes ses parties non m\u00e9talliques. D\u00e8s que les \u00e9l\u00e9ments m\u00e9caniques comme le moteur ou la boite de vitesse son extraits de la voiture, d&rsquo;autres ouvriers les d\u00e9montent enti\u00e8rement pi\u00e8ce par pi\u00e8ce, s\u00e9parant celles qui pourront \u00eatre revendues comme pi\u00e8ces d\u00e9tach\u00e9es des autres qui seront revendues au poids pour \u00eatre recycl\u00e9es.<\/p>\n<p>Deux heures apr\u00e8s son arriv\u00e9e, la voiture n&rsquo;existe plus : environ soixante pour cent de ses composants seront mis en vente au d\u00e9tail dans les boutiques de ce quartier, le reste \u00e9tant revendu aux entreprises de recyclage. Selon un grossiste en ferraille que nous avons interview\u00e9, moins de 10% du v\u00e9hicule ne serait ni revendu ni recycl\u00e9 !<\/p>\n","protected":false},"excerpt":{"rendered":"<p>Apr\u00e8s un premier rep\u00e9rage en janvier 2016, je suis retourn\u00e9 \u00e0 Mumbai en f\u00e9vrier 2018 dans un petit quartier situ\u00e9 en plein centre de la ville, \u00e0 quelques pas de Chor Bazar. En plein milieu de quelques rues, une petite centaine de personnes y exercent une activit\u00e9 un peu particuli\u00e8re : le d\u00e9montage de voitures. &#8230; <a title=\"Les d\u00e9monteurs de voitures de Mumbai\" class=\"read-more\" href=\"http:\/\/www.bab-el-louk.org\/?page_id=1909\" aria-label=\"En savoir plus sur Les d\u00e9monteurs de voitures de Mumbai\">Lire la suite<\/a><\/p>\n","protected":false},"author":1,"featured_media":0,"parent":0,"menu_order":0,"comment_status":"closed","ping_status":"closed","template":"","meta":{"footnotes":""},"class_list":["post-1909","page","type-page","status-publish"],"_links":{"self":[{"href":"http:\/\/www.bab-el-louk.org\/index.php?rest_route=\/wp\/v2\/pages\/1909","targetHints":{"allow":["GET"]}}],"collection":[{"href":"http:\/\/www.bab-el-louk.org\/index.php?rest_route=\/wp\/v2\/pages"}],"about":[{"href":"http:\/\/www.bab-el-louk.org\/index.php?rest_route=\/wp\/v2\/types\/page"}],"author":[{"embeddable":true,"href":"http:\/\/www.bab-el-louk.org\/index.php?rest_route=\/wp\/v2\/users\/1"}],"replies":[{"embeddable":true,"href":"http:\/\/www.bab-el-louk.org\/index.php?rest_route=%2Fwp%2Fv2%2Fcomments&post=1909"}],"version-history":[{"count":7,"href":"http:\/\/www.bab-el-louk.org\/index.php?rest_route=\/wp\/v2\/pages\/1909\/revisions"}],"predecessor-version":[{"id":1986,"href":"http:\/\/www.bab-el-louk.org\/index.php?rest_route=\/wp\/v2\/pages\/1909\/revisions\/1986"}],"wp:attachment":[{"href":"http:\/\/www.bab-el-louk.org\/index.php?rest_route=%2Fwp%2Fv2%2Fmedia&parent=1909"}],"curies":[{"name":"wp","href":"https:\/\/api.w.org\/{rel}","templated":true}]}}