{"id":1563,"date":"2018-01-23T14:13:45","date_gmt":"2018-01-23T12:13:45","guid":{"rendered":"http:\/\/www.bab-el-louk.org\/?page_id=1563"},"modified":"2018-01-24T12:39:00","modified_gmt":"2018-01-24T10:39:00","slug":"portfolios","status":"publish","type":"page","link":"http:\/\/www.bab-el-louk.org\/?page_id=1563","title":{"rendered":"Portfolios"},"content":{"rendered":"<p style=\"text-align: center;\"><strong>Pour voir quelques s\u00e9ries repr\u00e9sentatives de mes travaux photographiques, allez dans le menu d\u00e9roulant&#8230;<\/strong><\/p>\n<p style=\"text-align: center;\"><span style=\"color: #993300;\"><strong>Voir, photographier, \u00eatre regard\u00e9\u2026<\/strong><\/span><\/p>\n<p><a href=\"http:\/\/www.bab-el-louk.org\/wp-content\/uploads\/2018\/01\/Najat.jpg\"><img loading=\"lazy\" decoding=\"async\" class=\"alignnone size-full wp-image-1717\" src=\"http:\/\/www.bab-el-louk.org\/wp-content\/uploads\/2018\/01\/Najat.jpg\" alt=\"\" width=\"1500\" height=\"1000\" srcset=\"http:\/\/www.bab-el-louk.org\/wp-content\/uploads\/2018\/01\/Najat.jpg 1500w, http:\/\/www.bab-el-louk.org\/wp-content\/uploads\/2018\/01\/Najat-300x200.jpg 300w, http:\/\/www.bab-el-louk.org\/wp-content\/uploads\/2018\/01\/Najat-768x512.jpg 768w, http:\/\/www.bab-el-louk.org\/wp-content\/uploads\/2018\/01\/Najat-600x400.jpg 600w\" sizes=\"auto, (max-width: 1500px) 100vw, 1500px\" \/><\/a><\/p>\n<p style=\"text-align: right;\">\u00a9 Pascal Garret, Rabat, Maroc, 16 ao\u00fbt 2016, 12h20&rsquo;56\u00a0\u00bb<\/p>\n<p><strong>Cette photo a obtenue le second prix du <a href=\"http:\/\/www.revue-urbanites.fr\/5-ans-concours-photo-la-ville-des-5-sens\/\" target=\"_blank\" rel=\"noopener\">concours \u00ab\u00a0La ville des cinq sens\u00a0\u00bb organis\u00e9 en 2017 par le revue <em>Urbanit\u00e9s<\/em><\/a>.<\/strong><\/p>\n<p><strong>N&rsquo;h\u00e9sitez pas \u00e0 cliquer dessus pour la voir dans une r\u00e9solution de meilleur qualit\u00e9.<\/strong><\/p>\n<p>Nous sommes ici dans le Souk el Mehl, une \u00ab\u00a0joutiya\u00a0\u00bb (march\u00e9 aux puces en dialecte marocain) situ\u00e9e dans l&rsquo;ancien \u00ab\u00a0mellah\u00a0\u00bb (quartier juif) de la m\u00e9dina de Rabat au Maroc.<\/p>\n<p>Dans ce lieu, des petits brocanteurs informels revendent tous sortes d&rsquo;objets r\u00e9cup\u00e9r\u00e9s dans les poubelles de la ville\u00a0: v\u00eatements us\u00e9s, plaquettes de m\u00e9dicaments entam\u00e9es, chargeurs de t\u00e9l\u00e9phone, vieilles paires de lunettes, c\u00e2bles usb, etc. Toutes ces petites bricoles sont ainsi expos\u00e9es chaque jour sur le sol de la \u00ab\u00a0joutiya\u00a0\u00bb, r\u00e9parties soigneusement par cat\u00e9gories, pour \u00eatre revendues aux passants.<\/p>\n<p>Dans cette enclave \u00e9tonnamment calme au creux de la ville, au milieu de la fum\u00e9e des \u00ab\u00a0canouns\u00a0\u00bb (barbecues) sur lesquels grillent des sardines, les gens s&rsquo;interpellent, prennent en main les objets pour les jauger et en discuter leur valeur, se posent un peu \u00e0 l&rsquo;ombre de la chaleur du mois d&rsquo;ao\u00fbt.<\/p>\n<p>Cette femme install\u00e9e sous son parasol derri\u00e8re son petit \u00e9tal s&rsquo;appelle Najat et elle habite Sal\u00e9, de l&rsquo;autre c\u00f4t\u00e9 du fleuve Bouregreg. Je l&rsquo;ai trouv\u00e9e tr\u00e8s belle, \u00e9tonnante et je lui ai demand\u00e9 si je pouvais la photographier. Apr\u00e8s quelques bougonnements, elle a accept\u00e9 et j&rsquo;ai pu prendre deux clich\u00e9s d&rsquo;elle, mais, en examinant a posteriori cette photo l\u00e0, je me demande qui regardait qui\u2026<\/p>\n<p>Un an plus tard, je l&rsquo;ai retrouv\u00e9e pour lui remettre sa photo\u00a0: elle \u00e9tait au m\u00eame endroit avec la m\u00eame posture et le m\u00eame regard d&rsquo;une fiert\u00e9 sans \u00e9quivoque.<\/p>\n","protected":false},"excerpt":{"rendered":"<p>Pour voir quelques s\u00e9ries repr\u00e9sentatives de mes travaux photographiques, allez dans le menu d\u00e9roulant&#8230; Voir, photographier, \u00eatre regard\u00e9\u2026 \u00a9 Pascal Garret, Rabat, Maroc, 16 ao\u00fbt 2016, 12h20&rsquo;56\u00a0\u00bb Cette photo a obtenue le second prix du concours \u00ab\u00a0La ville des cinq sens\u00a0\u00bb organis\u00e9 en 2017 par le revue Urbanit\u00e9s. N&rsquo;h\u00e9sitez pas \u00e0 cliquer dessus pour la &#8230; <a title=\"Portfolios\" class=\"read-more\" href=\"http:\/\/www.bab-el-louk.org\/?page_id=1563\" aria-label=\"En savoir plus sur Portfolios\">Lire la suite<\/a><\/p>\n","protected":false},"author":1,"featured_media":0,"parent":0,"menu_order":0,"comment_status":"closed","ping_status":"closed","template":"","meta":{"footnotes":""},"class_list":["post-1563","page","type-page","status-publish"],"_links":{"self":[{"href":"http:\/\/www.bab-el-louk.org\/index.php?rest_route=\/wp\/v2\/pages\/1563","targetHints":{"allow":["GET"]}}],"collection":[{"href":"http:\/\/www.bab-el-louk.org\/index.php?rest_route=\/wp\/v2\/pages"}],"about":[{"href":"http:\/\/www.bab-el-louk.org\/index.php?rest_route=\/wp\/v2\/types\/page"}],"author":[{"embeddable":true,"href":"http:\/\/www.bab-el-louk.org\/index.php?rest_route=\/wp\/v2\/users\/1"}],"replies":[{"embeddable":true,"href":"http:\/\/www.bab-el-louk.org\/index.php?rest_route=%2Fwp%2Fv2%2Fcomments&post=1563"}],"version-history":[{"count":6,"href":"http:\/\/www.bab-el-louk.org\/index.php?rest_route=\/wp\/v2\/pages\/1563\/revisions"}],"predecessor-version":[{"id":1719,"href":"http:\/\/www.bab-el-louk.org\/index.php?rest_route=\/wp\/v2\/pages\/1563\/revisions\/1719"}],"wp:attachment":[{"href":"http:\/\/www.bab-el-louk.org\/index.php?rest_route=%2Fwp%2Fv2%2Fmedia&parent=1563"}],"curies":[{"name":"wp","href":"https:\/\/api.w.org\/{rel}","templated":true}]}}