{"id":140,"date":"2010-04-22T10:16:50","date_gmt":"2010-04-22T08:16:50","guid":{"rendered":"http:\/\/www.bab-el-louk.org\/?page_id=140"},"modified":"2024-07-17T16:20:08","modified_gmt":"2024-07-17T14:20:08","slug":"140-2","status":"publish","type":"page","link":"http:\/\/www.bab-el-louk.org\/?page_id=140","title":{"rendered":"Qui, quoi, o\u00f9 ?"},"content":{"rendered":"<p style=\"text-align: center;\"><a href=\"http:\/\/www.bab-el-louk.org\/wp-content\/uploads\/2015\/11\/PG.jpg\"><img loading=\"lazy\" decoding=\"async\" class=\"size-medium wp-image-382 aligncenter\" src=\"http:\/\/www.bab-el-louk.org\/wp-content\/uploads\/2015\/11\/PG-300x200.jpg\" alt=\"PG\" width=\"300\" height=\"200\" srcset=\"http:\/\/www.bab-el-louk.org\/wp-content\/uploads\/2015\/11\/PG-300x200.jpg 300w, http:\/\/www.bab-el-louk.org\/wp-content\/uploads\/2015\/11\/PG.jpg 750w\" sizes=\"auto, (max-width: 300px) 100vw, 300px\" \/><\/a><\/p>\n<p style=\"text-align: center;\"><strong>Pascal Garret<\/strong><\/p>\n<div class=\"gca-column one-half first\"><p style=\"text-align: center;\"><strong>Photographe ind\u00e9pendant<\/strong><br \/>\n<strong>dans le cadre de recherches en sciences sociales.<\/strong><\/p>\n<p>Architecte DPLG (Ecole Nationale Sup\u00e9rieure d&rsquo;Architecture de Paris La Villette, 1995) et sociologue (EHESS, Paris, 1997). Membre de l&rsquo;<a href=\"https:\/\/www.upp.photo\/fr\/profil\/pascal.garret\">Union des Photographes Professionnels<\/a>.<\/p>\n<p>De 2023 \u00e0 2026, je suis ing\u00e9nieur de recherche \u00e0 l&rsquo;Universit\u00e9 de Tours au sein du laboratoire CITERES (Cit\u00e9s, TERritoires, Environnement et Soci\u00e9t\u00e9s) o\u00f9, avec B\u00e9n\u00e9dicte Florin, je travaille pour le programme de recherche SO RRYL (Une SOci\u00e9t\u00e9 du R\u00e9emploi et du RecYcLage ?) avec une focale sur la \u00ab\u00a0fili\u00e8re ferraille\u00a0\u00bb. Mon atelier se situe au Point H^ut (Saint Pierre des Corps) o\u00f9 je suis accueilli en r\u00e9sidence artistique permanente par le POLAU &#8211; p\u00f4le arts &amp; urbanisme.<\/p>\n<p>Photographe ind\u00e9pendant, je travaille depuis 2014 avec des chercheurs en sciences sociales sur le th\u00e8me de la r\u00e9cup\u00e9ration et du recyclage des d\u00e9chets en contexte urbain. Mes terrains se situent dans de grandes villes m\u00e9diterran\u00e9ennes (Le Caire, Istanbul, Marseille, Casablanca et Beyrouth), mais \u00e9galement dans la r\u00e9gion parisienne, \u00e0 Tours, Mumbai et Lom\u00e9.<\/p>\n<p>A ce titre, j&rsquo;ai particip\u00e9 de 2015 \u00e0 2017 \u00e0 la pr\u00e9paration de l&rsquo;exposition <a href=\"http:\/\/www.mucem.org\/programme\/exposition-et-temps-forts\/vies-dordures\" target=\"_blank\" rel=\"noopener\">\u00ab\u00a0Vies d&rsquo;ordures. De l&rsquo;\u00e9conomie des d\u00e9chets en M\u00e9diterran\u00e9e\u00a0\u00bb<\/a> qui a \u00e9t\u00e9 pr\u00e9sent\u00e9e \u00e0 Marseille au Mus\u00e9e des Civilisations d&rsquo;Europe et de la M\u00e9diterran\u00e9e (MuCEM) du 22 mars au 14 ao\u00fbt 2017.<\/p>\n<p>Membre du <a href=\"http:\/\/sud.hypotheses.org\/\" target=\"_blank\" rel=\"noopener\">r\u00e9seau de recherche Soci\u00e9t\u00e9s Urbaines et d\u00e9chets<\/a> (SUD), j&rsquo;ai particip\u00e9 en 2016 \u00e0 la conception de l&rsquo;exposition collective <a href=\"http:\/\/www.bab-el-louk.org\/?p=1479\">\u00ab\u00a0La mise en image du rebut\u00a0\u00bb<\/a> qui est pr\u00e9sent\u00e9e depuis dans diff\u00e9rentes institutions scientifiques et universitaires.<\/p>\n<p>J&rsquo;ai particip\u00e9 \u00e0 l&rsquo;\u00e9laboration de l&rsquo;exposition <a href=\"https:\/\/www.bonjour-india.in\/events\/eco-energy-the-city-of-waste\/\" target=\"_blank\" rel=\"noopener\">\u00ab\u00a0The City of Waste\u00a0\u00bb<\/a> qui se tient en plusieurs temps en Inde \u00e0 Delhi et Kochi de f\u00e9vrier \u00e0 mai 2018 et mis en forme une nouvelle version \u00e9largie de l&rsquo;exposition <a href=\"http:\/\/www.bab-el-louk.org\/?p=1479\">\u00ab\u00a0La mise en image du rebut<\/a>\u00a0\u00bb pr\u00e9sent\u00e9e pour la premi\u00e8re fois \u00e0 Marseille en juillet 2018.<\/p>\n<p>De 2018 \u00e0 2023, j&rsquo;ai \u00e9galement \u00e9t\u00e9 membre du \u00ab\u00a0comit\u00e9 des experts\u00a0\u00bb et photographe pour le projet d&rsquo;exposition qui a \u00e9t\u00e9 pr\u00e9sent\u00e9 du 10 mai au 4 septembre 2023 au MuCEM (Marseille) <a href=\"https:\/\/www.mucem.org\/programme\/exposition-et-temps-forts\/barvalo\">\u00ab\u00a0Barvalo. Roms, Sinti, Manouches, Gitans, Voyageurs&#8230;\u00a0\u00bb<\/a><\/p>\n<p>Enfin, un projet \u00ab\u00a0socio-photographique\u00a0\u00bb est en cours de r\u00e9alisation depuis janvier 2019 dans le cadre d&rsquo;une r\u00e9sidence artistique permanente au <a href=\"http:\/\/polau.org\/\" target=\"_blank\" rel=\"noopener\">POLAU-p\u00f4le arts et urbanisme<\/a> sur le th\u00e8me de \u201c<strong>Voyage au c\u0153ur de nos poubelles<\/strong>\u201c, en collaboration avec B\u00e9n\u00e9dicte Florin, g\u00e9ographe \u00e0 l&rsquo;Universit\u00e9 de Tours. Ce projet a donn\u00e9 lieu \u00e0 une premi\u00e8re grande exposition qui s&rsquo;est tenue dans la grande serre du Jardin Botanique de Tours du 13 mai au 16 juillet 2022.<\/p>\n<p><strong>A noter : Toutes les photos pr\u00e9sent\u00e9es sur ce site sont sous le droit d&rsquo;auteur \u00a9 Pascal Garret. Si vous souhaitez utiliser certaines de mes photos, merci de me contacter pour en d\u00e9finir les modalit\u00e9s d&rsquo;utilisation (<a href=\"mailto:pascal.garret@bab-el-louk.org\">pascal.garret@bab-el-louk.org<\/a>).<\/strong><\/p>\n<p><strong>Certaines de mes photos ont \u00e9t\u00e9 acquises par le <em>Mus\u00e9e des civilisations de l&rsquo;Europe et de la M\u00e9diterran\u00e9e<\/em> (elles portent la mention \u00ab\u00a0\u00a9 Pascal Garret \/ Mucem\u00a0\u00bb). Ces photos ne sauraient \u00eatre r\u00e9utilis\u00e9es par quiconque sans un accord pr\u00e9alable du Mucem.<\/strong><\/p>\n<p>Si vous \u00eates int\u00e9ress\u00e9(e) par mes travaux et\/ou souhaitez faire appel \u00e0 mes comp\u00e9tences, n&rsquo;h\u00e9sitez pas \u00e0 me contacter.<\/p>\n<p style=\"text-align: center;\"><strong><a href=\"mailto:pascal.garret@bab-el-louk.org\">pascal.garret@bab-el-louk.org<\/a><\/strong><\/p><\/div>\n<div class=\"gca-column one-half\"><p style=\"text-align: center;\"><strong>Freelance photographer<\/strong><br \/>\n<strong>in the context of social science research.<\/strong><\/p>\n<p>Architect (Ecole Nationale Sup\u00e9rieure d\u2019Architecture de Paris La Villette, 1995) and sociologist (EHESS, Paris, 1997). Member of the <a href=\"https:\/\/www.upp.photo\/fr\/profil\/pascal.garret\">Union of Professional Photographers<\/a>.<\/p>\n<p>From 2023 to 2026, I am a research engineer at the University of Tours within the CITERES laboratory (Cities, Territories, Environment and Societies) where, with B\u00e9n\u00e9dicte Florin, I work for the research program SO RRYL (A SOciety of Reuse and RecYcling?) with a focus on the \u00ab\u00a0scrap sector\u00a0\u00bb. My workshop is located at Point H^ut (Saint Pierre des Corps) where I am welcomed in permanent artistic residence by the POLAU &#8211; pole arts &amp; urbanism.<\/p>\n<p>As freelance photographer, I work mainly with social scientists on the theme of waste recovery and recycling in an urban context. My research fields are located in major Mediterranean cities (Cairo, Istanbul, Marseille, Casablanca and Beirut), but also in the Paris region, Tours, Mumbai and Lom\u00e9.<\/p>\n<p>As such, I participated in 2015, 2016 and 2017 in the preparation of the exhibition <a href=\"http:\/\/www.mucem.org\/en\/lives-garbage\" target=\"_blank\" rel=\"noopener\">\u00ab\u00a0Lives of garbage. The Economics of Waste in the Mediterranean\u00a0\u00bb<\/a> which was presented in Marseille at the Museum of Civilizations of Europe and Mediterranean Sea (MuCEM) from 22 March to 14 August 2017.<\/p>\n<p>As a member of the Urban Societies and Waste (SUD) research network, I participated in 2016 in the conception of the collective exhibition <a href=\"http:\/\/www.bab-el-louk.org\/?p=1479\">\u00ab\u00a0La mise en image du rebut<\/a>\u00a0\u00bb which has since been presented in various scientific and university institutions.<\/p>\n<p>I recently participated in the development of the exhibition <a href=\"https:\/\/www.bonjour-india.in\/events\/eco-energy-the-city-of-waste\/\" target=\"_blank\" rel=\"noopener\">\u00ab\u00a0The City of Waste\u00a0\u00bb<\/a> which is held in India and Delhi in Kochi from February to May 2018 and shaped a new enlarged version of the exhibition <a href=\"http:\/\/www.bab-el-louk.org\/?p=1479\">\u00ab\u00a0La mise en image du rebut<\/a> (Image of the waste)\u00a0\u00bb presented for the first time in Marseille in July 2018.<\/p>\n<p>From 2018 to 2023, I was also a member of the \u00ab\u00a0committee of experts\u00a0\u00bb and photographer for the exhibition project which was presented from May 10 to September 4, 2023 at MuCEM (Marseille) <a href=\"https:\/\/www.mucem.org\/programme\/exposition-et-temps-forts\/barvalo\">\u201cBarvalo. Roma, Sinti, Manouches, Gypsies, Travelers\u2026\u201d<\/a><\/p>\n<p>Finally, a \u00ab\u00a0socio-photographic\u00a0\u00bb project has been in progress since January 2019 as part of a permanent artistic residency at the POLAU-arts and urban planning center on the theme of \u00ab\u00a0Journey to the heart of our trash cans\u00a0\u00bb, in collaboration with B\u00e9n\u00e9dicte Florin, geographer at the University of Tours. This project gave rise to a major exhibition held in the large greenhouse of the Botanical Garden of Tours from May 13 to July 16, 2022.<\/p>\n<p><strong>Note: All photos presented on this site are under copyright \u00a9 Pascal Garret. If you would like to use some of my photos, please contact me to set the terms of use (<a href=\"mailto:pascal.garret@bab-el-louk.org\">pascal.garret@bab-el-louk.org<\/a>).<\/strong><\/p>\n<p><strong>Some of my photos have been acquired by the Museum of Civilizations of Europe and the Mediterranean (they are marked \u00ab\u00a0\u00a9 Pascal Garret \/ Mucem\u00a0\u00bb). These photos can not be reused by anyone without a prior agreement of the Mucem.<\/strong><\/p>\n<p>If you are interested in my work and \/ or want to use my skills, do not hesitate to contact me.<\/p><\/div>\n<p style=\"text-align: center;\"><strong><br \/>\n<a href=\"mailto:pascal.garret@bab-el-louk.org\">pascal.garret@bab-el-louk.org<\/a><br \/>\n<\/strong><\/p>\n<p style=\"text-align: center;\"><a href=\"http:\/\/www.bab-el-louk.org\/wp-content\/uploads\/2017\/10\/Photo_Pascal.jpg\"><img loading=\"lazy\" decoding=\"async\" class=\" wp-image-485 aligncenter\" src=\"http:\/\/www.bab-el-louk.org\/wp-content\/uploads\/2017\/10\/Photo_Pascal.jpg\" alt=\"PG_2017\" width=\"293\" height=\"196\"><\/a><\/p>\n","protected":false},"excerpt":{"rendered":"<p>Pascal Garret pascal.garret@bab-el-louk.org<\/p>\n","protected":false},"author":1,"featured_media":0,"parent":0,"menu_order":0,"comment_status":"closed","ping_status":"open","template":"","meta":{"footnotes":""},"class_list":["post-140","page","type-page","status-publish"],"_links":{"self":[{"href":"http:\/\/www.bab-el-louk.org\/index.php?rest_route=\/wp\/v2\/pages\/140","targetHints":{"allow":["GET"]}}],"collection":[{"href":"http:\/\/www.bab-el-louk.org\/index.php?rest_route=\/wp\/v2\/pages"}],"about":[{"href":"http:\/\/www.bab-el-louk.org\/index.php?rest_route=\/wp\/v2\/types\/page"}],"author":[{"embeddable":true,"href":"http:\/\/www.bab-el-louk.org\/index.php?rest_route=\/wp\/v2\/users\/1"}],"replies":[{"embeddable":true,"href":"http:\/\/www.bab-el-louk.org\/index.php?rest_route=%2Fwp%2Fv2%2Fcomments&post=140"}],"version-history":[{"count":122,"href":"http:\/\/www.bab-el-louk.org\/index.php?rest_route=\/wp\/v2\/pages\/140\/revisions"}],"predecessor-version":[{"id":6673,"href":"http:\/\/www.bab-el-louk.org\/index.php?rest_route=\/wp\/v2\/pages\/140\/revisions\/6673"}],"wp:attachment":[{"href":"http:\/\/www.bab-el-louk.org\/index.php?rest_route=%2Fwp%2Fv2%2Fmedia&parent=140"}],"curies":[{"name":"wp","href":"https:\/\/api.w.org\/{rel}","templated":true}]}}