{"id":1020,"date":"2017-05-01T15:48:46","date_gmt":"2017-05-01T13:48:46","guid":{"rendered":"http:\/\/www.bab-el-louk.org\/?page_id=1020"},"modified":"2018-01-30T14:59:09","modified_gmt":"2018-01-30T12:59:09","slug":"les-tanneries-du-caire-derniere-visite-avant-fermeture-definitive","status":"publish","type":"page","link":"http:\/\/www.bab-el-louk.org\/?page_id=1020","title":{"rendered":"Tanneries du Caire : derni\u00e8re visite avant fermeture&#8230;"},"content":{"rendered":"<div id=\"metaslider-id-1492\" style=\"width: 100%;\" class=\"ml-slider-3-104-0 metaslider metaslider-flex metaslider-1492 ml-slider has-dots-nav ms-theme-default\" role=\"region\" aria-label=\"Tanneries\" data-height=\"900\" data-width=\"1200\">\n    <div id=\"metaslider_container_1492\">\n        <div id=\"metaslider_1492\">\n            <ul class='slides'>\n                <li style=\"display: block; width: 100%;\" class=\"slide-1493 ms-image \" aria-roledescription=\"slide\" data-date=\"2018-01-22 19:47:38\" data-filename=\"Tanneries_Caire_2017_P_Garret-41-1066x800.jpg\" data-slide-type=\"image\"><img loading=\"lazy\" decoding=\"async\" src=\"http:\/\/www.bab-el-louk.org\/wp-content\/uploads\/2017\/05\/Tanneries_Caire_2017_P_Garret-41-1066x800.jpg\" height=\"900\" width=\"1200\" alt=\"\" class=\"slider-1492 slide-1493 msDefaultImage\" \/><div class=\"caption-wrap\"><div class=\"caption\">Sayed, fils et petit-fils de tanneurs \u00a9 Pascal Garret - F\u00e9vrier 2017<\/div><\/div><\/li>\n                <li style=\"display: none; width: 100%;\" class=\"slide-1494 ms-image \" aria-roledescription=\"slide\" data-date=\"2018-01-22 19:48:29\" data-filename=\"Tanneries_Caire_2017_P_Garret-1-1066x800.jpg\" data-slide-type=\"image\"><img loading=\"lazy\" decoding=\"async\" src=\"http:\/\/www.bab-el-louk.org\/wp-content\/uploads\/2017\/05\/Tanneries_Caire_2017_P_Garret-1-1066x800.jpg\" height=\"900\" width=\"1200\" alt=\"\" class=\"slider-1492 slide-1494 msDefaultImage\" \/><div class=\"caption-wrap\"><div class=\"caption\">L'entr\u00e9e principale d'al-Madabigh vue depuis l'int\u00e9rieur du quartier \u00a9 Pascal Garret - F\u00e9vrier 2017<\/div><\/div><\/li>\n                <li style=\"display: none; width: 100%;\" class=\"slide-1499 ms-image \" aria-roledescription=\"slide\" data-date=\"2018-01-22 19:51:08\" data-filename=\"Tanneries_Caire_2017_P_Garret-29-1066x800.jpg\" data-slide-type=\"image\"><img loading=\"lazy\" decoding=\"async\" src=\"http:\/\/www.bab-el-louk.org\/wp-content\/uploads\/2017\/05\/Tanneries_Caire_2017_P_Garret-29-1066x800.jpg\" height=\"900\" width=\"1200\" alt=\"\" class=\"slider-1492 slide-1499 msDefaultImage\" \/><div class=\"caption-wrap\"><div class=\"caption\">Vue int\u00e9rieure de l'ancienne tannerie de Sayed \u00a9 Pascal Garret - F\u00e9vrier 2017<\/div><\/div><\/li>\n                <li style=\"display: none; width: 100%;\" class=\"slide-1500 ms-image \" aria-roledescription=\"slide\" data-date=\"2018-01-22 19:51:38\" data-filename=\"Tanneries_Caire_2017_P_Garret-43-1066x800.jpg\" data-slide-type=\"image\"><img loading=\"lazy\" decoding=\"async\" src=\"http:\/\/www.bab-el-louk.org\/wp-content\/uploads\/2017\/05\/Tanneries_Caire_2017_P_Garret-43-1066x800.jpg\" height=\"900\" width=\"1200\" alt=\"\" class=\"slider-1492 slide-1500 msDefaultImage\" \/><div class=\"caption-wrap\"><div class=\"caption\">Deux vieux baramils en fonctionnements \u00a9 Pascal Garret - F\u00e9vrier 2017<\/div><\/div><\/li>\n                <li style=\"display: none; width: 100%;\" class=\"slide-1501 ms-image \" aria-roledescription=\"slide\" data-date=\"2018-01-22 19:52:10\" data-filename=\"Tanneries_Caire_2017_P_Garret-35-1066x800.jpg\" data-slide-type=\"image\"><img loading=\"lazy\" decoding=\"async\" src=\"http:\/\/www.bab-el-louk.org\/wp-content\/uploads\/2017\/05\/Tanneries_Caire_2017_P_Garret-35-1066x800.jpg\" height=\"900\" width=\"1200\" alt=\"\" class=\"slider-1492 slide-1501 msDefaultImage\" \/><div class=\"caption-wrap\"><div class=\"caption\">Sayed en train de vider l'un de ses baramils \u00a9 Pascal Garret - F\u00e9vrier 2017<\/div><\/div><\/li>\n                <li style=\"display: none; width: 100%;\" class=\"slide-1502 ms-image \" aria-roledescription=\"slide\" data-date=\"2018-01-22 19:53:00\" data-filename=\"Tanneries_Caire_2017_P_Garret-46-1066x800.jpg\" data-slide-type=\"image\"><img loading=\"lazy\" decoding=\"async\" src=\"http:\/\/www.bab-el-louk.org\/wp-content\/uploads\/2017\/05\/Tanneries_Caire_2017_P_Garret-46-1066x800.jpg\" height=\"900\" width=\"1200\" alt=\"\" class=\"slider-1492 slide-1502 msDefaultImage\" \/><div class=\"caption-wrap\"><div class=\"caption\">Vue ext\u00e9rieure de l'une des plus grandes tanneries d'al-Madabigh \u00a9 Pascal Garret - F\u00e9vrier 2017<\/div><\/div><\/li>\n                <li style=\"display: none; width: 100%;\" class=\"slide-1503 ms-image \" aria-roledescription=\"slide\" data-date=\"2018-01-22 19:53:12\" data-filename=\"Tanneries_Caire_2017_P_Garret-47-1066x800.jpg\" data-slide-type=\"image\"><img loading=\"lazy\" decoding=\"async\" src=\"http:\/\/www.bab-el-louk.org\/wp-content\/uploads\/2017\/05\/Tanneries_Caire_2017_P_Garret-47-1066x800.jpg\" height=\"900\" width=\"1200\" alt=\"\" class=\"slider-1492 slide-1503 msDefaultImage\" \/><div class=\"caption-wrap\"><div class=\"caption\">Un \u00e9norme baramil m\u00e9tallique en fonctionnement \u00a9 Pascal Garret - F\u00e9vrier 2017<\/div><\/div><\/li>\n                <li style=\"display: none; width: 100%;\" class=\"slide-1888 ms-image \" aria-roledescription=\"slide\" data-date=\"2018-01-26 11:48:08\" data-filename=\"Tanneries-8-1200x900.jpg\" data-slide-type=\"image\"><img loading=\"lazy\" decoding=\"async\" src=\"http:\/\/www.bab-el-louk.org\/wp-content\/uploads\/2018\/01\/Tanneries-8-1200x900.jpg\" height=\"900\" width=\"1200\" alt=\"\" class=\"slider-1492 slide-1888 msDefaultImage\" \/><div class=\"caption-wrap\"><div class=\"caption\">\u00a9 Pascal Garret - F\u00e9vrier 2017<\/div><\/div><\/li>\n                <li style=\"display: none; width: 100%;\" class=\"slide-1858 ms-image \" aria-roledescription=\"slide\" data-date=\"2018-01-26 01:36:07\" data-filename=\"Tanneries_Caire_2017_P_Garret-59-1066x800.jpg\" data-slide-type=\"image\"><img loading=\"lazy\" decoding=\"async\" src=\"http:\/\/www.bab-el-louk.org\/wp-content\/uploads\/2017\/05\/Tanneries_Caire_2017_P_Garret-59-1066x800.jpg\" height=\"900\" width=\"1200\" alt=\"\" class=\"slider-1492 slide-1858 msDefaultImage\" \/><div class=\"caption-wrap\"><div class=\"caption\">\u00a9 Pascal Garret - F\u00e9vrier 2017<\/div><\/div><\/li>\n                <li style=\"display: none; width: 100%;\" class=\"slide-1860 ms-image \" aria-roledescription=\"slide\" data-date=\"2018-01-26 01:36:24\" data-filename=\"Tanneries_Caire_2017_P_Garret-126-1066x800.jpg\" data-slide-type=\"image\"><img loading=\"lazy\" decoding=\"async\" src=\"http:\/\/www.bab-el-louk.org\/wp-content\/uploads\/2017\/05\/Tanneries_Caire_2017_P_Garret-126-1066x800.jpg\" height=\"900\" width=\"1200\" alt=\"\" class=\"slider-1492 slide-1860 msDefaultImage\" \/><div class=\"caption-wrap\"><div class=\"caption\">Un porteur de peaux \u00a9 Pascal Garret - F\u00e9vrier 2017<\/div><\/div><\/li>\n                <li style=\"display: none; width: 100%;\" class=\"slide-1862 ms-image \" aria-roledescription=\"slide\" data-date=\"2018-01-26 01:36:37\" data-filename=\"Tanneries_Caire_2017_P_Garret-64-1066x800.jpg\" data-slide-type=\"image\"><img loading=\"lazy\" decoding=\"async\" src=\"http:\/\/www.bab-el-louk.org\/wp-content\/uploads\/2017\/05\/Tanneries_Caire_2017_P_Garret-64-1066x800.jpg\" height=\"900\" width=\"1200\" alt=\"\" class=\"slider-1492 slide-1862 msDefaultImage\" \/><div class=\"caption-wrap\"><div class=\"caption\">Le cloutage des peaux \u00a9 Pascal Garret - F\u00e9vrier 2017<\/div><\/div><\/li>\n                <li style=\"display: none; width: 100%;\" class=\"slide-1863 ms-image \" aria-roledescription=\"slide\" data-date=\"2018-01-26 01:36:43\" data-filename=\"Tanneries_Caire_2017_P_Garret-73-1066x800.jpg\" data-slide-type=\"image\"><img loading=\"lazy\" decoding=\"async\" src=\"http:\/\/www.bab-el-louk.org\/wp-content\/uploads\/2017\/05\/Tanneries_Caire_2017_P_Garret-73-1066x800.jpg\" height=\"900\" width=\"1200\" alt=\"\" class=\"slider-1492 slide-1863 msDefaultImage\" \/><div class=\"caption-wrap\"><div class=\"caption\">Le cloutage des peaux \u00a9 Pascal Garret - F\u00e9vrier 2017<\/div><\/div><\/li>\n                <li style=\"display: none; width: 100%;\" class=\"slide-1881 ms-image \" aria-roledescription=\"slide\" data-date=\"2018-01-26 11:48:07\" data-filename=\"Tanneries-1-1200x900.jpg\" data-slide-type=\"image\"><img loading=\"lazy\" decoding=\"async\" src=\"http:\/\/www.bab-el-louk.org\/wp-content\/uploads\/2018\/01\/Tanneries-1-1200x900.jpg\" height=\"900\" width=\"1200\" alt=\"\" class=\"slider-1492 slide-1881 msDefaultImage\" \/><div class=\"caption-wrap\"><div class=\"caption\">\u00a9 Pascal Garret - F\u00e9vrier 2017<\/div><\/div><\/li>\n                <li style=\"display: none; width: 100%;\" class=\"slide-1883 ms-image \" aria-roledescription=\"slide\" data-date=\"2018-01-26 11:48:07\" data-filename=\"Tanneries-3-1200x900.jpg\" data-slide-type=\"image\"><img loading=\"lazy\" decoding=\"async\" src=\"http:\/\/www.bab-el-louk.org\/wp-content\/uploads\/2018\/01\/Tanneries-3-1200x900.jpg\" height=\"900\" width=\"1200\" alt=\"\" class=\"slider-1492 slide-1883 msDefaultImage\" \/><div class=\"caption-wrap\"><div class=\"caption\">\u00a9 Pascal Garret - F\u00e9vrier 2017<\/div><\/div><\/li>\n                <li style=\"display: none; width: 100%;\" class=\"slide-1884 ms-image \" aria-roledescription=\"slide\" data-date=\"2018-01-26 11:48:08\" data-filename=\"Tanneries-4-1200x900.jpg\" data-slide-type=\"image\"><img loading=\"lazy\" decoding=\"async\" src=\"http:\/\/www.bab-el-louk.org\/wp-content\/uploads\/2018\/01\/Tanneries-4-1200x900.jpg\" height=\"900\" width=\"1200\" alt=\"\" class=\"slider-1492 slide-1884 msDefaultImage\" \/><div class=\"caption-wrap\"><div class=\"caption\">\u00a9 Pascal Garret - F\u00e9vrier 2017<\/div><\/div><\/li>\n                <li style=\"display: none; width: 100%;\" class=\"slide-1886 ms-image \" aria-roledescription=\"slide\" data-date=\"2018-01-26 11:48:08\" data-filename=\"Tanneries-6-1200x900.jpg\" data-slide-type=\"image\"><img loading=\"lazy\" decoding=\"async\" src=\"http:\/\/www.bab-el-louk.org\/wp-content\/uploads\/2018\/01\/Tanneries-6-1200x900.jpg\" height=\"900\" width=\"1200\" alt=\"\" class=\"slider-1492 slide-1886 msDefaultImage\" \/><div class=\"caption-wrap\"><div class=\"caption\">\u00a9 Pascal Garret - F\u00e9vrier 2017<\/div><\/div><\/li>\n                <li style=\"display: none; width: 100%;\" class=\"slide-1889 ms-image \" aria-roledescription=\"slide\" data-date=\"2018-01-26 11:48:09\" data-filename=\"Tanneries-9-1200x900.jpg\" data-slide-type=\"image\"><img loading=\"lazy\" decoding=\"async\" src=\"http:\/\/www.bab-el-louk.org\/wp-content\/uploads\/2018\/01\/Tanneries-9-1200x900.jpg\" height=\"900\" width=\"1200\" alt=\"\" class=\"slider-1492 slide-1889 msDefaultImage\" \/><div class=\"caption-wrap\"><div class=\"caption\">\u00a9 Pascal Garret - F\u00e9vrier 2017<\/div><\/div><\/li>\n                <li style=\"display: none; width: 100%;\" class=\"slide-1890 ms-image \" aria-roledescription=\"slide\" data-date=\"2018-01-26 11:48:09\" data-filename=\"Tanneries-10-1200x900.jpg\" data-slide-type=\"image\"><img loading=\"lazy\" decoding=\"async\" src=\"http:\/\/www.bab-el-louk.org\/wp-content\/uploads\/2018\/01\/Tanneries-10-1200x900.jpg\" height=\"900\" width=\"1200\" alt=\"\" class=\"slider-1492 slide-1890 msDefaultImage\" \/><div class=\"caption-wrap\"><div class=\"caption\">\u00a9 Pascal Garret - F\u00e9vrier 2017<\/div><\/div><\/li>\n                <li style=\"display: none; width: 100%;\" class=\"slide-1891 ms-image \" aria-roledescription=\"slide\" data-date=\"2018-01-26 11:48:09\" data-filename=\"Tanneries-11-1200x900.jpg\" data-slide-type=\"image\"><img loading=\"lazy\" decoding=\"async\" src=\"http:\/\/www.bab-el-louk.org\/wp-content\/uploads\/2018\/01\/Tanneries-11-1200x900.jpg\" height=\"900\" width=\"1200\" alt=\"\" class=\"slider-1492 slide-1891 msDefaultImage\" \/><div class=\"caption-wrap\"><div class=\"caption\">\u00a9 Pascal Garret - F\u00e9vrier 2017<\/div><\/div><\/li>\n                <li style=\"display: none; width: 100%;\" class=\"slide-1892 ms-image \" aria-roledescription=\"slide\" data-date=\"2018-01-26 11:48:09\" data-filename=\"Tanneries-12-1200x900.jpg\" data-slide-type=\"image\"><img loading=\"lazy\" decoding=\"async\" src=\"http:\/\/www.bab-el-louk.org\/wp-content\/uploads\/2018\/01\/Tanneries-12-1200x900.jpg\" height=\"900\" width=\"1200\" alt=\"\" class=\"slider-1492 slide-1892 msDefaultImage\" \/><div class=\"caption-wrap\"><div class=\"caption\">\u00a9 Pascal Garret - F\u00e9vrier 2017<\/div><\/div><\/li>\n                <li style=\"display: none; width: 100%;\" class=\"slide-1893 ms-image \" aria-roledescription=\"slide\" data-date=\"2018-01-26 11:48:09\" data-filename=\"Tanneries-13-1200x900.jpg\" data-slide-type=\"image\"><img loading=\"lazy\" decoding=\"async\" src=\"http:\/\/www.bab-el-louk.org\/wp-content\/uploads\/2018\/01\/Tanneries-13-1200x900.jpg\" height=\"900\" width=\"1200\" alt=\"\" class=\"slider-1492 slide-1893 msDefaultImage\" \/><div class=\"caption-wrap\"><div class=\"caption\">\u00a9 Pascal Garret - F\u00e9vrier 2017<\/div><\/div><\/li>\n                <li style=\"display: none; width: 100%;\" class=\"slide-1894 ms-image \" aria-roledescription=\"slide\" data-date=\"2018-01-26 11:48:10\" data-filename=\"Tanneries-14-1200x900.jpg\" data-slide-type=\"image\"><img loading=\"lazy\" decoding=\"async\" src=\"http:\/\/www.bab-el-louk.org\/wp-content\/uploads\/2018\/01\/Tanneries-14-1200x900.jpg\" height=\"900\" width=\"1200\" alt=\"\" class=\"slider-1492 slide-1894 msDefaultImage\" \/><div class=\"caption-wrap\"><div class=\"caption\">\u00a9 Pascal Garret - F\u00e9vrier 2017<\/div><\/div><\/li>\n                <li style=\"display: none; width: 100%;\" class=\"slide-1895 ms-image \" aria-roledescription=\"slide\" data-date=\"2018-01-26 11:48:10\" data-filename=\"Tanneries-15-1200x900.jpg\" data-slide-type=\"image\"><img loading=\"lazy\" decoding=\"async\" src=\"http:\/\/www.bab-el-louk.org\/wp-content\/uploads\/2018\/01\/Tanneries-15-1200x900.jpg\" height=\"900\" width=\"1200\" alt=\"\" class=\"slider-1492 slide-1895 msDefaultImage\" \/><div class=\"caption-wrap\"><div class=\"caption\">\u00a9 Pascal Garret - F\u00e9vrier 2017<\/div><\/div><\/li>\n                <li style=\"display: none; width: 100%;\" class=\"slide-1896 ms-image \" aria-roledescription=\"slide\" data-date=\"2018-01-26 11:48:10\" data-filename=\"Tanneries-16-1200x900.jpg\" data-slide-type=\"image\"><img loading=\"lazy\" decoding=\"async\" src=\"http:\/\/www.bab-el-louk.org\/wp-content\/uploads\/2018\/01\/Tanneries-16-1200x900.jpg\" height=\"900\" width=\"1200\" alt=\"\" class=\"slider-1492 slide-1896 msDefaultImage\" \/><div class=\"caption-wrap\"><div class=\"caption\">\u00a9 Pascal Garret - F\u00e9vrier 2017<\/div><\/div><\/li>\n                <li style=\"display: none; width: 100%;\" class=\"slide-1897 ms-image \" aria-roledescription=\"slide\" data-date=\"2018-01-26 11:48:11\" data-filename=\"Tanneries-17-1200x900.jpg\" data-slide-type=\"image\"><img loading=\"lazy\" decoding=\"async\" src=\"http:\/\/www.bab-el-louk.org\/wp-content\/uploads\/2018\/01\/Tanneries-17-1200x900.jpg\" height=\"900\" width=\"1200\" alt=\"\" class=\"slider-1492 slide-1897 msDefaultImage\" \/><div class=\"caption-wrap\"><div class=\"caption\">\u00a9 Pascal Garret - F\u00e9vrier 2017<\/div><\/div><\/li>\n            <\/ul>\n        <\/div>\n        \n    <\/div>\n<\/div>\n<p>En f\u00e9vrier 2017, je suis retourn\u00e9 avec B\u00e9n\u00e9dicte Florin aux tanneries du Caire, terrain que nous connaissons bien puisqu&rsquo;elle y avait men\u00e9 entre 1993 et 1995 de nombreux entretiens qualitatifs dans le cadre de sa <a href=\"https:\/\/tel.archives-ouvertes.fr\/tel-00129372\/\" target=\"_blank\" rel=\"noopener noreferrer\">th\u00e8se de doctorat de g\u00e9ographie<\/a>.<\/p>\n<p>Situ\u00e9 au sud du centre-ville du Caire, al-Madabigh, le quartier des tanneries, est un espace populaire et industrieux o\u00f9 de nombreux travailleurs et leurs familles vivent.<\/p>\n<p>Environ 1000 tanneries formelles y ont \u00e9t\u00e9 recens\u00e9es et sont enregistr\u00e9es \u00e0 la Chambre des Tanneurs mais il faut y ajouter bien davantage de petits ateliers informels de tannage, de fabriques de glu et de g\u00e9latine, de sous-traitant, de porteurs de peaux, etc.<\/p>\n<p><strong>Longtemps annonc\u00e9, le d\u00e9placement de ce quartier industriel vers un autre site est aujourd&rsquo;hui effectif avec la d\u00e9localisation des tanneries vers le quartier industriel d&rsquo;al-Robeiki (ville nouvelle de Badr) situ\u00e9 \u00e0 80 km \u00e0 l&rsquo;est du Caire : en f\u00e9vrier 2017, certaines tanneries sont d\u00e9j\u00e0 d\u00e9truites pour \u00eatre d\u00e9plac\u00e9es et le quartier d&rsquo;al-Madabigh ne sera plus qu&rsquo;un souvenir \u00e0 la fin de l&rsquo;ann\u00e9e.<\/strong><\/p>\n<p>Appartenant \u00e0 la ville-centre o\u00f9 les prix du foncier sont tr\u00e8s \u00e9lev\u00e9s, ces espaces de vie et de travail sont depuis longtemps l&rsquo;objet de convoitises des promoteurs immobiliers soutenus par les acteurs politiques. Si la nature polluante de ces activit\u00e9s peut justifier leur d\u00e9placement, il n&rsquo;en reste pas moins que les modalit\u00e9s choisies pour le r\u00e9aliser interroge sur les effets \u00e9conomiques et sociaux qui concerneront la majorit\u00e9 de ces travailleurs puisque seules les grandes tanneries ont les moyens de se d\u00e9placer \u00e0 al-Robeiki.<\/p>\n<p>Les Cairotes et les \u00e9trangers conna\u00eessent peu, ne traversent pas et p\u00e9n\u00e8trent difficilement dans les Tanneries d&rsquo;al-Madabigh. Ce n&rsquo;est pas un \u00ab\u00a0quartier interdit\u00a0\u00bb, bien au contraire, mais un imposant aqueduc laisse seulement deux passages sur son c\u00f4t\u00e9 nord par lesquels on distingue les fragments d&rsquo;un espace d&rsquo;activit\u00e9s intenses et d&rsquo;habitat pr\u00e9caire dont l&#8217;emprise au sol est pourtant d&rsquo;une trentaine d&rsquo;hectares.<\/p>\n","protected":false},"excerpt":{"rendered":"<p>En f\u00e9vrier 2017, je suis retourn\u00e9 avec B\u00e9n\u00e9dicte Florin aux tanneries du Caire, terrain que nous connaissons bien puisqu&rsquo;elle y avait men\u00e9 entre 1993 et 1995 de nombreux entretiens qualitatifs dans le cadre de sa th\u00e8se de doctorat de g\u00e9ographie. Situ\u00e9 au sud du centre-ville du Caire, al-Madabigh, le quartier des tanneries, est un espace &#8230; <a title=\"Tanneries du Caire : derni\u00e8re visite avant fermeture&#8230;\" class=\"read-more\" href=\"http:\/\/www.bab-el-louk.org\/?page_id=1020\" aria-label=\"En savoir plus sur Tanneries du Caire : derni\u00e8re visite avant fermeture&#8230;\">Lire la suite<\/a><\/p>\n","protected":false},"author":1,"featured_media":0,"parent":0,"menu_order":0,"comment_status":"closed","ping_status":"closed","template":"","meta":{"footnotes":""},"class_list":["post-1020","page","type-page","status-publish"],"_links":{"self":[{"href":"http:\/\/www.bab-el-louk.org\/index.php?rest_route=\/wp\/v2\/pages\/1020","targetHints":{"allow":["GET"]}}],"collection":[{"href":"http:\/\/www.bab-el-louk.org\/index.php?rest_route=\/wp\/v2\/pages"}],"about":[{"href":"http:\/\/www.bab-el-louk.org\/index.php?rest_route=\/wp\/v2\/types\/page"}],"author":[{"embeddable":true,"href":"http:\/\/www.bab-el-louk.org\/index.php?rest_route=\/wp\/v2\/users\/1"}],"replies":[{"embeddable":true,"href":"http:\/\/www.bab-el-louk.org\/index.php?rest_route=%2Fwp%2Fv2%2Fcomments&post=1020"}],"version-history":[{"count":60,"href":"http:\/\/www.bab-el-louk.org\/index.php?rest_route=\/wp\/v2\/pages\/1020\/revisions"}],"predecessor-version":[{"id":1907,"href":"http:\/\/www.bab-el-louk.org\/index.php?rest_route=\/wp\/v2\/pages\/1020\/revisions\/1907"}],"wp:attachment":[{"href":"http:\/\/www.bab-el-louk.org\/index.php?rest_route=%2Fwp%2Fv2%2Fmedia&parent=1020"}],"curies":[{"name":"wp","href":"https:\/\/api.w.org\/{rel}","templated":true}]}}